{"id":1100,"date":"2025-10-05T20:56:03","date_gmt":"2025-10-05T20:56:03","guid":{"rendered":"https:\/\/authorjoshua.com\/?page_id=1100"},"modified":"2025-10-08T16:09:25","modified_gmt":"2025-10-08T16:09:25","slug":"exuberance-the-battle-for-lasting","status":"publish","type":"page","link":"https:\/\/authorjoshua.com\/es\/exuberance-the-battle-for-lasting\/","title":{"rendered":"Exuberance: the battle for lasting"},"content":{"rendered":"<style>.elementor-1100 .elementor-element.elementor-element-9a52d8c{--display:flex;--min-height:600px;--flex-direction:column;--container-widget-width:calc( ( 1 - var( --container-widget-flex-grow ) ) * 100% );--container-widget-height:initial;--container-widget-flex-grow:0;--container-widget-align-self:initial;--flex-wrap-mobile:wrap;--justify-content:center;--align-items:center;--gap:30px 30px;--row-gap:30px;--column-gap:30px;--padding-top:4%;--padding-bottom:4%;--padding-left:4%;--padding-right:4%;}.elementor-1100 .elementor-element.elementor-element-9a52d8c:not(.elementor-motion-effects-element-type-background), .elementor-1100 .elementor-element.elementor-element-9a52d8c > .elementor-motion-effects-container > .elementor-motion-effects-layer{background-color:#070707;}.elementor-1100 .elementor-element.elementor-element-3d917fd{--spacer-size:50px;}.elementor-widget-heading .elementor-heading-title{font-family:var( --e-global-typography-primary-font-family ), Sans-serif;font-size:var( --e-global-typography-primary-font-size );font-weight:var( --e-global-typography-primary-font-weight );text-transform:var( --e-global-typography-primary-text-transform );font-style:var( --e-global-typography-primary-font-style );text-decoration:var( --e-global-typography-primary-text-decoration );line-height:var( --e-global-typography-primary-line-height );letter-spacing:var( --e-global-typography-primary-letter-spacing );word-spacing:var( --e-global-typography-primary-word-spacing );color:var( --e-global-color-primary );}.elementor-1100 .elementor-element.elementor-element-1a2b93e{text-align:center;}.elementor-1100 .elementor-element.elementor-element-1a2b93e .elementor-heading-title{color:#FDFCFC;}.elementor-widget-text-editor{font-family:var( --e-global-typography-text-font-family ), Sans-serif;font-size:var( --e-global-typography-text-font-size );font-weight:var( --e-global-typography-text-font-weight );text-transform:var( --e-global-typography-text-text-transform );font-style:var( --e-global-typography-text-font-style );text-decoration:var( --e-global-typography-text-text-decoration );line-height:var( --e-global-typography-text-line-height );letter-spacing:var( --e-global-typography-text-letter-spacing );word-spacing:var( --e-global-typography-text-word-spacing );color:var( --e-global-color-text );}.elementor-widget-text-editor.elementor-drop-cap-view-stacked .elementor-drop-cap{background-color:var( --e-global-color-primary );}.elementor-widget-text-editor.elementor-drop-cap-view-framed .elementor-drop-cap, .elementor-widget-text-editor.elementor-drop-cap-view-default .elementor-drop-cap{color:var( --e-global-color-primary );border-color:var( --e-global-color-primary );}.elementor-1100 .elementor-element.elementor-element-d10a045{font-family:\"Titillium Web\", Sans-serif;font-size:20px;font-weight:300;text-transform:none;font-style:normal;text-decoration:none;line-height:23px;letter-spacing:0px;word-spacing:0px;color:#FDFDFD;}.elementor-widget-pp-info-box-carousel .pp-info-box-icon{color:var( --e-global-color-primary );font-family:var( --e-global-typography-accent-font-family ), Sans-serif;font-size:var( --e-global-typography-accent-font-size );font-weight:var( --e-global-typography-accent-font-weight );text-transform:var( --e-global-typography-accent-text-transform );font-style:var( --e-global-typography-accent-font-style );text-decoration:var( --e-global-typography-accent-text-decoration );line-height:var( --e-global-typography-accent-line-height );letter-spacing:var( --e-global-typography-accent-letter-spacing );word-spacing:var( --e-global-typography-accent-word-spacing );}.elementor-widget-pp-info-box-carousel .pp-info-box-icon svg{fill:var( --e-global-color-primary );}.elementor-widget-pp-info-box-carousel .pp-info-box-title{color:var( --e-global-color-primary );font-family:var( --e-global-typography-primary-font-family ), Sans-serif;font-size:var( --e-global-typography-primary-font-size );font-weight:var( --e-global-typography-primary-font-weight );text-transform:var( --e-global-typography-primary-text-transform );font-style:var( --e-global-typography-primary-font-style );text-decoration:var( --e-global-typography-primary-text-decoration );line-height:var( --e-global-typography-primary-line-height );letter-spacing:var( --e-global-typography-primary-letter-spacing );word-spacing:var( --e-global-typography-primary-word-spacing );}.elementor-widget-pp-info-box-carousel .pp-info-box-subtitle{color:var( --e-global-color-secondary );font-family:var( --e-global-typography-secondary-font-family ), Sans-serif;font-size:var( --e-global-typography-secondary-font-size );font-weight:var( --e-global-typography-secondary-font-weight );text-transform:var( --e-global-typography-secondary-text-transform );font-style:var( --e-global-typography-secondary-font-style );text-decoration:var( --e-global-typography-secondary-text-decoration );line-height:var( --e-global-typography-secondary-line-height );letter-spacing:var( --e-global-typography-secondary-letter-spacing );word-spacing:var( --e-global-typography-secondary-word-spacing );}.elementor-widget-pp-info-box-carousel .pp-info-box-description{color:var( --e-global-color-text );font-family:var( --e-global-typography-text-font-family ), Sans-serif;font-size:var( --e-global-typography-text-font-size );font-weight:var( --e-global-typography-text-font-weight );text-transform:var( --e-global-typography-text-text-transform );font-style:var( --e-global-typography-text-font-style );text-decoration:var( --e-global-typography-text-text-decoration );line-height:var( --e-global-typography-text-line-height );letter-spacing:var( --e-global-typography-text-letter-spacing );word-spacing:var( --e-global-typography-text-word-spacing );}.elementor-widget-pp-info-box-carousel .pp-info-box-button{background-color:var( --e-global-color-accent );font-family:var( --e-global-typography-accent-font-family ), Sans-serif;font-size:var( --e-global-typography-accent-font-size );font-weight:var( --e-global-typography-accent-font-weight );text-transform:var( --e-global-typography-accent-text-transform );font-style:var( --e-global-typography-accent-font-style );text-decoration:var( --e-global-typography-accent-text-decoration );line-height:var( --e-global-typography-accent-line-height );letter-spacing:var( --e-global-typography-accent-letter-spacing );word-spacing:var( --e-global-typography-accent-word-spacing );}.elementor-widget-pp-info-box-carousel .swiper-pagination-fraction{font-family:var( --e-global-typography-accent-font-family ), Sans-serif;font-size:var( --e-global-typography-accent-font-size );font-weight:var( --e-global-typography-accent-font-weight );text-transform:var( --e-global-typography-accent-text-transform );font-style:var( --e-global-typography-accent-font-style );text-decoration:var( --e-global-typography-accent-text-decoration );line-height:var( --e-global-typography-accent-line-height );letter-spacing:var( --e-global-typography-accent-letter-spacing );word-spacing:var( --e-global-typography-accent-word-spacing );}.elementor-1100 .elementor-element.elementor-element-294fa27 .pp-info-box-icon{font-size:5px;transform:rotate( 0deg );padding:0px;}.elementor-1100 .elementor-element.elementor-element-294fa27 .pp-info-box-icon img{width:200px;}.elementor-1100 .elementor-element.elementor-element-294fa27 .pp-info-box-title{color:#F2F2F2;font-family:\"Darker Grotesque\", Sans-serif;font-size:18px;font-weight:400;text-transform:uppercase;font-style:normal;text-decoration:none;line-height:44px;letter-spacing:4px;word-spacing:0px;margin-bottom:20px;}.elementor-1100 .elementor-element.elementor-element-294fa27 .pp-info-box-subtitle{margin-bottom:20px;}.elementor-1100 .elementor-element.elementor-element-294fa27 .pp-info-box-description{color:#FCFBFB;margin-bottom:0px;}.elementor-1100 .elementor-element.elementor-element-294fa27 .pp-info-box-button{color:#F8F3F3;background-color:#020202;}.elementor-1100 .elementor-element.elementor-element-294fa27 .pp-info-box-button .pp-icon{fill:#F8F3F3;}.elementor-1100 .elementor-element.elementor-element-294fa27 .pp-slider-arrow{font-size:15px;}.elementor-1100 .elementor-element.elementor-element-294fa27 .elementor-swiper-button-prev{left:-44px;}.elementor-1100 .elementor-element.elementor-element-294fa27 .elementor-swiper-button-next{right:-41px;}.elementor-1100 .elementor-element.elementor-element-294fa27.elementor-element{--align-self:center;}@media(max-width:1024px){.elementor-1100 .elementor-element.elementor-element-9a52d8c{--padding-top:4%;--padding-bottom:4%;--padding-left:12%;--padding-right:12%;}.elementor-widget-heading .elementor-heading-title{font-size:var( --e-global-typography-primary-font-size );line-height:var( --e-global-typography-primary-line-height );letter-spacing:var( --e-global-typography-primary-letter-spacing );word-spacing:var( --e-global-typography-primary-word-spacing );}.elementor-widget-text-editor{font-size:var( --e-global-typography-text-font-size );line-height:var( --e-global-typography-text-line-height );letter-spacing:var( --e-global-typography-text-letter-spacing );word-spacing:var( --e-global-typography-text-word-spacing );}.elementor-1100 .elementor-element.elementor-element-d10a045{font-size:19px;}.elementor-widget-pp-info-box-carousel .pp-info-box-icon{font-size:var( --e-global-typography-accent-font-size );line-height:var( --e-global-typography-accent-line-height );letter-spacing:var( --e-global-typography-accent-letter-spacing );word-spacing:var( --e-global-typography-accent-word-spacing );}.elementor-widget-pp-info-box-carousel .pp-info-box-title{font-size:var( --e-global-typography-primary-font-size );line-height:var( --e-global-typography-primary-line-height );letter-spacing:var( --e-global-typography-primary-letter-spacing );word-spacing:var( --e-global-typography-primary-word-spacing );}.elementor-widget-pp-info-box-carousel .pp-info-box-subtitle{font-size:var( --e-global-typography-secondary-font-size );line-height:var( --e-global-typography-secondary-line-height );letter-spacing:var( --e-global-typography-secondary-letter-spacing );word-spacing:var( --e-global-typography-secondary-word-spacing );}.elementor-widget-pp-info-box-carousel .pp-info-box-description{font-size:var( --e-global-typography-text-font-size );line-height:var( --e-global-typography-text-line-height );letter-spacing:var( --e-global-typography-text-letter-spacing );word-spacing:var( --e-global-typography-text-word-spacing );}.elementor-widget-pp-info-box-carousel .pp-info-box-button{font-size:var( --e-global-typography-accent-font-size );line-height:var( --e-global-typography-accent-line-height );letter-spacing:var( --e-global-typography-accent-letter-spacing );word-spacing:var( --e-global-typography-accent-word-spacing );}.elementor-widget-pp-info-box-carousel .swiper-pagination-fraction{font-size:var( --e-global-typography-accent-font-size );line-height:var( --e-global-typography-accent-line-height );letter-spacing:var( --e-global-typography-accent-letter-spacing );word-spacing:var( --e-global-typography-accent-word-spacing );}.elementor-1100 .elementor-element.elementor-element-294fa27 .pp-info-box-title{font-size:38px;line-height:1em;}}@media(min-width:768px){.elementor-1100 .elementor-element.elementor-element-9a52d8c{--content-width:866px;}}@media(max-width:767px){.elementor-1100 .elementor-element.elementor-element-9a52d8c{--min-height:700px;--padding-top:6%;--padding-bottom:6%;--padding-left:8%;--padding-right:8%;}.elementor-widget-heading .elementor-heading-title{font-size:var( --e-global-typography-primary-font-size );line-height:var( --e-global-typography-primary-line-height );letter-spacing:var( --e-global-typography-primary-letter-spacing );word-spacing:var( --e-global-typography-primary-word-spacing );}.elementor-widget-text-editor{font-size:var( --e-global-typography-text-font-size );line-height:var( --e-global-typography-text-line-height );letter-spacing:var( --e-global-typography-text-letter-spacing );word-spacing:var( --e-global-typography-text-word-spacing );}.elementor-1100 .elementor-element.elementor-element-d10a045{font-size:18px;}.elementor-widget-pp-info-box-carousel .pp-info-box-icon{font-size:var( --e-global-typography-accent-font-size );line-height:var( --e-global-typography-accent-line-height );letter-spacing:var( --e-global-typography-accent-letter-spacing );word-spacing:var( --e-global-typography-accent-word-spacing );}.elementor-widget-pp-info-box-carousel .pp-info-box-title{font-size:var( --e-global-typography-primary-font-size );line-height:var( --e-global-typography-primary-line-height );letter-spacing:var( --e-global-typography-primary-letter-spacing );word-spacing:var( --e-global-typography-primary-word-spacing );}.elementor-widget-pp-info-box-carousel .pp-info-box-subtitle{font-size:var( --e-global-typography-secondary-font-size );line-height:var( --e-global-typography-secondary-line-height );letter-spacing:var( --e-global-typography-secondary-letter-spacing );word-spacing:var( --e-global-typography-secondary-word-spacing );}.elementor-widget-pp-info-box-carousel .pp-info-box-description{font-size:var( --e-global-typography-text-font-size );line-height:var( --e-global-typography-text-line-height );letter-spacing:var( --e-global-typography-text-letter-spacing );word-spacing:var( --e-global-typography-text-word-spacing );}.elementor-widget-pp-info-box-carousel .pp-info-box-button{font-size:var( --e-global-typography-accent-font-size );line-height:var( --e-global-typography-accent-line-height );letter-spacing:var( --e-global-typography-accent-letter-spacing );word-spacing:var( --e-global-typography-accent-word-spacing );}.elementor-widget-pp-info-box-carousel .swiper-pagination-fraction{font-size:var( --e-global-typography-accent-font-size );line-height:var( --e-global-typography-accent-line-height );letter-spacing:var( --e-global-typography-accent-letter-spacing );word-spacing:var( --e-global-typography-accent-word-spacing );}.elementor-1100 .elementor-element.elementor-element-294fa27 .pp-info-box-title{font-size:32px;}}<\/style>\t\t<div data-elementor-type=\"wp-page\" data-elementor-id=\"1100\" class=\"elementor elementor-1100\" data-elementor-post-type=\"page\">\n\t\t\t\t<div class=\"elementor-element elementor-element-9a52d8c e-flex e-con-boxed e-con e-parent\" data-id=\"9a52d8c\" data-element_type=\"container\" data-e-type=\"container\" data-settings=\"{&quot;background_background&quot;:&quot;classic&quot;}\">\n\t\t\t\t\t<div class=\"e-con-inner\">\n\t\t\t\t<div class=\"elementor-element elementor-element-3d917fd elementor-widget elementor-widget-spacer\" data-id=\"3d917fd\" data-element_type=\"widget\" data-e-type=\"widget\" data-widget_type=\"spacer.default\">\n\t\t\t\t<div class=\"elementor-widget-container\">\n\t\t\t\t\t\t\t<div class=\"elementor-spacer\">\n\t\t\t<div class=\"elementor-spacer-inner\"><\/div>\n\t\t<\/div>\n\t\t\t\t\t\t<\/div>\n\t\t\t\t<\/div>\n\t\t\t\t<div class=\"elementor-element elementor-element-1a2b93e elementor-widget elementor-widget-heading\" data-id=\"1a2b93e\" data-element_type=\"widget\" data-e-type=\"widget\" data-widget_type=\"heading.default\">\n\t\t\t\t<div class=\"elementor-widget-container\">\n\t\t\t\t\t<h2 class=\"elementor-heading-title elementor-size-default translation-block\">Exuberancia: la batalla por la alegr\u00eda duradera<br><br>pr\u00f3ximamente<\/h2>\t\t\t\t<\/div>\n\t\t\t\t<\/div>\n\t\t\t\t<div class=\"elementor-element elementor-element-d10a045 elementor-widget elementor-widget-text-editor\" data-id=\"d10a045\" data-element_type=\"widget\" data-e-type=\"widget\" data-widget_type=\"text-editor.default\">\n\t\t\t\t<div class=\"elementor-widget-container\">\n\t\t\t\t\t\t\t\t\t<div class=\"elementor-element elementor-element-a2b19f4 elementor-widget elementor-widget-text-editor\" data-id=\"a2b19f4\" data-element_type=\"widget\" data-widget_type=\"text-editor.default\"><p style=\"text-align: center;\"><span style=\"color: #ffffff;\">Hay momentos en la vida en los que la alegr\u00eda irrumpe como un fuego: repentina, intensa, innegable. Esa oleada de libertad tras a\u00f1os de control. Ese respiro de alivio cuando finalmente se levanta un peso. Ese primer vistazo a un futuro que se siente vivo de nuevo. Esto es exuberancia: el peligroso y hermoso regalo de ser libre.<\/span><\/p><p style=\"text-align: center;\"><span style=\"color: #ffffff;\">Pero \u00bfqu\u00e9 sucede cuando la exuberancia choca con el miedo? \u00bfCuando la libertad se siente demasiado extra\u00f1a y corremos a la comodidad de lo que una vez nos destruy\u00f3? Con demasiada frecuencia, las personas prueban la exuberancia y luego luchan con u\u00f1as y dientes para volver a las jaulas que conocen. Relaciones t\u00f3xicas. Viejas adicciones. Patrones de manipulaci\u00f3n que parecen m\u00e1s seguros que la alegr\u00eda misma.<\/span><\/p><p style=\"text-align: center;\" class=\"translation-block\"><span style=\"color: #ffffff\">La serie <em>Exuberancia<\/em> es un viaje de cinco libros a la paradoja de la libertad y la lucha por conservarla. Cada libro revela una etapa de la lucha: la chispa de la libertad, la batalla por la comodidad, las sombras que roban la alegr\u00eda, la disciplina para mantenerla y el legado de exuberancia que perdura.<\/span><\/p><p style=\"text-align: center;\" class=\"translation-block\"><span style=\"color: #ffffff\">Si alguna vez te has preguntado por qu\u00e9 la alegr\u00eda se te escapa de las manos o por qu\u00e9 siempre regresas a lo que te destroz\u00f3, esta serie te encontrar\u00e1 en esa tensi\u00f3n. Y si alguna vez has anhelado tener la alegr\u00eda en tus manos sin miedo a perderla, <em>Exuberancia<\/em> te mostrar\u00e1 c\u00f3mo la libertad no es solo un momento, sino que puede convertirse en una forma de vida.<\/span><\/p><div class=\"elementor-element elementor-element-a2b19f4 elementor-widget elementor-widget-text-editor\" data-id=\"a2b19f4\" data-element_type=\"widget\" data-widget_type=\"text-editor.default\"><p style=\"text-align: center;\"><span style=\"color: #ffffff;\">Hay momentos en la vida en los que la alegr\u00eda irrumpe como un fuego: repentina, intensa, innegable. Esa oleada de libertad tras a\u00f1os de control. Ese respiro de alivio cuando finalmente se levanta un peso. Ese primer vistazo a un futuro que se siente vivo de nuevo. Esto es exuberancia: el peligroso y hermoso regalo de ser libre.<\/span><\/p><p style=\"text-align: center;\"><span style=\"color: #ffffff;\">Pero \u00bfqu\u00e9 sucede cuando la exuberancia choca con el miedo? \u00bfCuando la libertad se siente demasiado extra\u00f1a y corremos a la comodidad de lo que una vez nos destruy\u00f3? Con demasiada frecuencia, las personas prueban la exuberancia y luego luchan con u\u00f1as y dientes para volver a las jaulas que conocen. Relaciones t\u00f3xicas. Viejas adicciones. Patrones de manipulaci\u00f3n que parecen m\u00e1s seguros que la alegr\u00eda misma.<\/span><\/p><p style=\"text-align: center;\" class=\"translation-block\"><span style=\"color: #ffffff\">La serie <em>Exuberancia<\/em> es un viaje de cinco libros a la paradoja de la libertad y la lucha por conservarla. Cada libro revela una etapa de la lucha: la chispa de la libertad, la batalla por la comodidad, las sombras que roban la alegr\u00eda, la disciplina para mantenerla y el legado de exuberancia que perdura.<\/span><\/p><p style=\"text-align: center;\" class=\"translation-block\"><span style=\"color: #ffffff\">Si alguna vez te has preguntado por qu\u00e9 la alegr\u00eda se te escapa de las manos o por qu\u00e9 siempre regresas a lo que te destroz\u00f3, esta serie te encontrar\u00e1 en esa tensi\u00f3n. Y si alguna vez has anhelado tener la alegr\u00eda en tus manos sin miedo a perderla, <em>Exuberancia<\/em> te mostrar\u00e1 c\u00f3mo la libertad no es solo un momento, sino que puede convertirse en una forma de vida.<\/span><\/p><\/div><\/div>\t\t\t\t\t\t\t\t<\/div>\n\t\t\t\t<\/div>\n\t\t\t\t<div class=\"elementor-element elementor-element-294fa27 pp-info-box-below-title elementor-widget elementor-widget-pp-info-box-carousel\" data-id=\"294fa27\" data-element_type=\"widget\" data-e-type=\"widget\" data-widget_type=\"pp-info-box-carousel.default\">\n\t\t\t\t<div class=\"elementor-widget-container\">\n\t\t\t\t\t\t\t<div class=\"pp-info-box-container pp-info-box-carousel pp-swiper-slider swiper swiper-container-wrap-dots-outside\" data-slider-settings=\"{&quot;effect&quot;:&quot;slide&quot;,&quot;speed&quot;:500,&quot;slides_per_view&quot;:4,&quot;space_between&quot;:31,&quot;auto_height&quot;:true,&quot;loop&quot;:&quot;yes&quot;,&quot;centered_slides&quot;:&quot;yes&quot;,&quot;pagination&quot;:&quot;fraction&quot;,&quot;show_arrows&quot;:true,&quot;slides_per_view_mobile&quot;:1,&quot;space_between_mobile&quot;:10,&quot;slides_per_view_tablet&quot;:2,&quot;space_between_tablet&quot;:10}\">\n\t\t\t\t\t\t\t<div class=\"swiper-wrapper\">\n\t\t\t\n\t\t\t\t\t\t\t<div class=\"pp-info-box swiper-slide\">\n\t\t\t\t\t\n\t\t\t\t\t\n\t\t\t\t\t\n\t\t\t\t\t<div class=\"pp-info-box-content\">\n\t\t\t\t\t\t\t\t<div class=\"pp-info-box-title-wrap\">\n\t\t\t\t\t<\/div>\n\t\t\t\t\t<div class=\"pp-info-box-icon-wrap\">\n\t\t\t\t\t\t\t\t<span class=\"pp-info-box-icon pp-icon\">\n\t\t\t\t\t\t\t\t\t\t\t\t\t\t\t\t\t\t\t<img decoding=\"async\" src=\"https:\/\/authorjoshua.com\/wp-content\/uploads\/2025\/10\/z1.png\" alt=\"z1\">\n\t\t\t\t\t\t\t\t\t\t\t\t\t\t\t\t\t<\/span>\n\n\t\t\t\t\t\t\t<\/div>\n\t\t\t\n\t\t\t\t\t\t\n\t\t\t\t\t\t\n\t\t\t\t\t\t\t\t\t\t\t<\/div>\n\n\t\t\t\t\t\t\t\t\t<\/div>\n\t\t\t\t\t\t\t<div class=\"pp-info-box swiper-slide\">\n\t\t\t\t\t\n\t\t\t\t\t\n\t\t\t\t\t\n\t\t\t\t\t<div class=\"pp-info-box-content\">\n\t\t\t\t\t\t\t\t<div class=\"pp-info-box-title-wrap\">\n\t\t\t\t\t<\/div>\n\t\t\t\t\t<div class=\"pp-info-box-icon-wrap\">\n\t\t\t\t\t\t\t\t<span class=\"pp-info-box-icon pp-icon\">\n\t\t\t\t\t\t\t\t\t\t\t\t\t\t\t\t\t\t\t<img decoding=\"async\" src=\"https:\/\/authorjoshua.com\/wp-content\/uploads\/2025\/10\/z2.png\" alt=\"z2\">\n\t\t\t\t\t\t\t\t\t\t\t\t\t\t\t\t\t<\/span>\n\n\t\t\t\t\t\t\t<\/div>\n\t\t\t\n\t\t\t\t\t\t\n\t\t\t\t\t\t\n\t\t\t\t\t\t\t\t\t\t\t<\/div>\n\n\t\t\t\t\t\t\t\t\t<\/div>\n\t\t\t\t\t\t\t<div class=\"pp-info-box swiper-slide\">\n\t\t\t\t\t\n\t\t\t\t\t\n\t\t\t\t\t\n\t\t\t\t\t<div class=\"pp-info-box-content\">\n\t\t\t\t\t\t\t\t<div class=\"pp-info-box-title-wrap\">\n\t\t\t\t\t<\/div>\n\t\t\t\t\t<div class=\"pp-info-box-icon-wrap\">\n\t\t\t\t\t\t\t\t<span class=\"pp-info-box-icon pp-icon\">\n\t\t\t\t\t\t\t\t\t\t\t\t\t\t\t\t\t\t\t<img decoding=\"async\" src=\"https:\/\/authorjoshua.com\/wp-content\/uploads\/2025\/10\/3-1.png\" alt=\"z3\">\n\t\t\t\t\t\t\t\t\t\t\t\t\t\t\t\t\t<\/span>\n\n\t\t\t\t\t\t\t<\/div>\n\t\t\t\n\t\t\t\t\t\t\n\t\t\t\t\t\t\t\t\t\t\t\t\t<div class=\"pp-info-box-description\">\n\t\t\t\t\t\t\t\t<p style=\"text-align: center\">\u00a0<\/p><p style=\"text-align: center\">\u00a0<\/p>\t\t\t\t\t\t\t<\/div>\n\t\t\t\t\t\t\n\t\t\t\t\t\t\t\t\t\t\t<\/div>\n\n\t\t\t\t\t\t\t\t\t<\/div>\n\t\t\t\t\t\t\t<div class=\"pp-info-box swiper-slide\">\n\t\t\t\t\t\n\t\t\t\t\t\n\t\t\t\t\t\n\t\t\t\t\t<div class=\"pp-info-box-content\">\n\t\t\t\t\t\t\t\t<div class=\"pp-info-box-title-wrap\">\n\t\t\t\t\t<\/div>\n\t\t\t\t\t<div class=\"pp-info-box-icon-wrap\">\n\t\t\t\t\t\t\t\t<span class=\"pp-info-box-icon pp-icon\">\n\t\t\t\t\t\t\t\t\t\t\t\t\t\t\t\t\t\t\t<img decoding=\"async\" src=\"https:\/\/authorjoshua.com\/wp-content\/uploads\/2025\/10\/z4.png\" alt=\"z4\">\n\t\t\t\t\t\t\t\t\t\t\t\t\t\t\t\t\t<\/span>\n\n\t\t\t\t\t\t\t<\/div>\n\t\t\t\n\t\t\t\t\t\t\n\t\t\t\t\t\t\n\t\t\t\t\t\t\t\t\t\t\t<\/div>\n\n\t\t\t\t\t\t\t\t\t<\/div>\n\t\t\t\t\t\t\t<div class=\"pp-info-box swiper-slide\">\n\t\t\t\t\t\n\t\t\t\t\t\n\t\t\t\t\t\n\t\t\t\t\t<div class=\"pp-info-box-content\">\n\t\t\t\t\t\t\t\t<div class=\"pp-info-box-title-wrap\">\n\t\t\t\t\t<\/div>\n\t\t\t\t\t<div class=\"pp-info-box-icon-wrap\">\n\t\t\t\t\t\t\t\t<span class=\"pp-info-box-icon pp-icon\">\n\t\t\t\t\t\t\t\t\t\t\t\t\t\t\t\t\t\t\t<img decoding=\"async\" src=\"https:\/\/authorjoshua.com\/wp-content\/uploads\/2025\/10\/z5.png\" alt=\"z5\">\n\t\t\t\t\t\t\t\t\t\t\t\t\t\t\t\t\t<\/span>\n\n\t\t\t\t\t\t\t<\/div>\n\t\t\t\n\t\t\t\t\t\t\n\t\t\t\t\t\t\n\t\t\t\t\t\t\t\t\t\t\t<\/div>\n\n\t\t\t\t\t\t\t\t\t<\/div>\n\t\t\t\n\t\t\t\t\t\t\t<\/div>\n\t\t\t\t\t\t\t<div class=\"swiper-pagination swiper-pagination-294fa27\"><\/div>\n\t\t\t\t\t\t<div class=\"pp-slider-arrow elementor-swiper-button-prev swiper-button-prev-294fa27\">\n\t\t\t\t\t<svg aria-hidden=\"true\" class=\"e-font-icon-svg e-fas-angle-left\" viewbox=\"0 0 256 512\" xmlns=\"http:\/\/www.w3.org\/2000\/svg\"><path d=\"M31.7 239l136-136c9.4-9.4 24.6-9.4 33.9 0l22.6 22.6c9.4 9.4 9.4 24.6 0 33.9L127.9 256l96.4 96.4c9.4 9.4 9.4 24.6 0 33.9L201.7 409c-9.4 9.4-24.6 9.4-33.9 0l-136-136c-9.5-9.4-9.5-24.6-.1-34z\"><\/path><\/svg>\t\t\t\t<\/div>\n\t\t\t\t<div class=\"pp-slider-arrow elementor-swiper-button-next swiper-button-next-294fa27\">\n\t\t\t\t\t<svg aria-hidden=\"true\" class=\"e-font-icon-svg e-fas-angle-right\" viewbox=\"0 0 256 512\" xmlns=\"http:\/\/www.w3.org\/2000\/svg\"><path d=\"M224.3 273l-136 136c-9.4 9.4-24.6 9.4-33.9 0l-22.6-22.6c-9.4-9.4-9.4-24.6 0-33.9l96.4-96.4-96.4-96.4c-9.4-9.4-9.4-24.6 0-33.9L54.3 103c9.4-9.4 24.6-9.4 33.9 0l136 136c9.5 9.4 9.5 24.6.1 34z\"><\/path><\/svg>\t\t\t\t<\/div>\n\t\t\t\t\t<\/div>\n\t\t\t\t\t\t<\/div>\n\t\t\t\t<\/div>\n\t\t\t\t\t<\/div>\n\t\t\t\t<\/div>\n\t\t\t\t<\/div>","protected":false},"excerpt":{"rendered":"<p>Exuberance: the battle for lasting joy coming soon There are moments in life when joy erupts like a fire \u2014 sudden, fierce, undeniable. That rush of freedom after years of control. That breath of relief when the weight finally lifts. That first glimpse of a future that feels alive again. This is exuberance: the dangerous, [&hellip;]<\/p>","protected":false},"author":1,"featured_media":116,"parent":0,"menu_order":0,"comment_status":"closed","ping_status":"closed","template":"elementor_header_footer","meta":{"footnotes":""},"class_list":["post-1100","page","type-page","status-publish","has-post-thumbnail","hentry"],"_hostinger_reach_plugin_has_subscription_block":false,"_hostinger_reach_plugin_is_elementor":false,"_links":{"self":[{"href":"https:\/\/authorjoshua.com\/es\/wp-json\/wp\/v2\/pages\/1100","targetHints":{"allow":["GET"]}}],"collection":[{"href":"https:\/\/authorjoshua.com\/es\/wp-json\/wp\/v2\/pages"}],"about":[{"href":"https:\/\/authorjoshua.com\/es\/wp-json\/wp\/v2\/types\/page"}],"author":[{"embeddable":true,"href":"https:\/\/authorjoshua.com\/es\/wp-json\/wp\/v2\/users\/1"}],"replies":[{"embeddable":true,"href":"https:\/\/authorjoshua.com\/es\/wp-json\/wp\/v2\/comments?post=1100"}],"version-history":[{"count":13,"href":"https:\/\/authorjoshua.com\/es\/wp-json\/wp\/v2\/pages\/1100\/revisions"}],"predecessor-version":[{"id":2283,"href":"https:\/\/authorjoshua.com\/es\/wp-json\/wp\/v2\/pages\/1100\/revisions\/2283"}],"wp:featuredmedia":[{"embeddable":true,"href":"https:\/\/authorjoshua.com\/es\/wp-json\/wp\/v2\/media\/116"}],"wp:attachment":[{"href":"https:\/\/authorjoshua.com\/es\/wp-json\/wp\/v2\/media?parent=1100"}],"curies":[{"name":"wp","href":"https:\/\/api.w.org\/{rel}","templated":true}]}}