{"id":1120,"date":"2025-10-05T21:05:48","date_gmt":"2025-10-05T21:05:48","guid":{"rendered":"https:\/\/authorjoshua.com\/?page_id=1120"},"modified":"2025-10-08T16:12:51","modified_gmt":"2025-10-08T16:12:51","slug":"redeeming-the-seasons-series-2","status":"publish","type":"page","link":"https:\/\/authorjoshua.com\/es\/redeeming-the-seasons-series-2\/","title":{"rendered":"Redimiendo las Temporadas: Serie"},"content":{"rendered":"<style>.elementor-1120 .elementor-element.elementor-element-9a52d8c{--display:flex;--min-height:600px;--flex-direction:column;--container-widget-width:calc( ( 1 - var( --container-widget-flex-grow ) ) * 100% );--container-widget-height:initial;--container-widget-flex-grow:0;--container-widget-align-self:initial;--flex-wrap-mobile:wrap;--justify-content:center;--align-items:center;--gap:30px 30px;--row-gap:30px;--column-gap:30px;--padding-top:4%;--padding-bottom:4%;--padding-left:4%;--padding-right:4%;}.elementor-1120 .elementor-element.elementor-element-9a52d8c:not(.elementor-motion-effects-element-type-background), .elementor-1120 .elementor-element.elementor-element-9a52d8c > .elementor-motion-effects-container > .elementor-motion-effects-layer{background-color:#000000;}.elementor-1120 .elementor-element.elementor-element-3d917fd{--spacer-size:50px;}.elementor-widget-heading .elementor-heading-title{font-family:var( --e-global-typography-primary-font-family ), Sans-serif;font-size:var( --e-global-typography-primary-font-size );font-weight:var( --e-global-typography-primary-font-weight );text-transform:var( --e-global-typography-primary-text-transform );font-style:var( --e-global-typography-primary-font-style );text-decoration:var( --e-global-typography-primary-text-decoration );line-height:var( --e-global-typography-primary-line-height );letter-spacing:var( --e-global-typography-primary-letter-spacing );word-spacing:var( --e-global-typography-primary-word-spacing );color:var( --e-global-color-primary );}.elementor-1120 .elementor-element.elementor-element-1a2b93e{text-align:center;}.elementor-1120 .elementor-element.elementor-element-1a2b93e .elementor-heading-title{color:#FDFCFC;}.elementor-widget-text-editor{font-family:var( --e-global-typography-text-font-family ), Sans-serif;font-size:var( --e-global-typography-text-font-size );font-weight:var( --e-global-typography-text-font-weight );text-transform:var( --e-global-typography-text-text-transform );font-style:var( --e-global-typography-text-font-style );text-decoration:var( --e-global-typography-text-text-decoration );line-height:var( --e-global-typography-text-line-height );letter-spacing:var( --e-global-typography-text-letter-spacing );word-spacing:var( --e-global-typography-text-word-spacing );color:var( --e-global-color-text );}.elementor-widget-text-editor.elementor-drop-cap-view-stacked .elementor-drop-cap{background-color:var( --e-global-color-primary );}.elementor-widget-text-editor.elementor-drop-cap-view-framed .elementor-drop-cap, .elementor-widget-text-editor.elementor-drop-cap-view-default .elementor-drop-cap{color:var( --e-global-color-primary );border-color:var( --e-global-color-primary );}.elementor-1120 .elementor-element.elementor-element-d10a045{font-family:\"Titillium Web\", Sans-serif;font-size:20px;font-weight:300;text-transform:none;font-style:normal;text-decoration:none;line-height:23px;letter-spacing:0px;word-spacing:0px;color:#FDFDFD;}.elementor-widget-pp-info-box-carousel .pp-info-box-icon{color:var( --e-global-color-primary );font-family:var( --e-global-typography-accent-font-family ), Sans-serif;font-size:var( --e-global-typography-accent-font-size );font-weight:var( --e-global-typography-accent-font-weight );text-transform:var( --e-global-typography-accent-text-transform );font-style:var( --e-global-typography-accent-font-style );text-decoration:var( --e-global-typography-accent-text-decoration );line-height:var( --e-global-typography-accent-line-height );letter-spacing:var( --e-global-typography-accent-letter-spacing );word-spacing:var( --e-global-typography-accent-word-spacing );}.elementor-widget-pp-info-box-carousel .pp-info-box-icon svg{fill:var( --e-global-color-primary );}.elementor-widget-pp-info-box-carousel .pp-info-box-title{color:var( --e-global-color-primary );font-family:var( --e-global-typography-primary-font-family ), Sans-serif;font-size:var( --e-global-typography-primary-font-size );font-weight:var( --e-global-typography-primary-font-weight );text-transform:var( --e-global-typography-primary-text-transform );font-style:var( --e-global-typography-primary-font-style );text-decoration:var( --e-global-typography-primary-text-decoration );line-height:var( --e-global-typography-primary-line-height );letter-spacing:var( --e-global-typography-primary-letter-spacing );word-spacing:var( --e-global-typography-primary-word-spacing );}.elementor-widget-pp-info-box-carousel .pp-info-box-subtitle{color:var( --e-global-color-secondary );font-family:var( --e-global-typography-secondary-font-family ), Sans-serif;font-size:var( --e-global-typography-secondary-font-size );font-weight:var( --e-global-typography-secondary-font-weight );text-transform:var( --e-global-typography-secondary-text-transform );font-style:var( --e-global-typography-secondary-font-style );text-decoration:var( --e-global-typography-secondary-text-decoration );line-height:var( --e-global-typography-secondary-line-height );letter-spacing:var( --e-global-typography-secondary-letter-spacing );word-spacing:var( --e-global-typography-secondary-word-spacing );}.elementor-widget-pp-info-box-carousel .pp-info-box-description{color:var( --e-global-color-text );font-family:var( --e-global-typography-text-font-family ), Sans-serif;font-size:var( --e-global-typography-text-font-size );font-weight:var( --e-global-typography-text-font-weight );text-transform:var( --e-global-typography-text-text-transform );font-style:var( --e-global-typography-text-font-style );text-decoration:var( --e-global-typography-text-text-decoration );line-height:var( --e-global-typography-text-line-height );letter-spacing:var( --e-global-typography-text-letter-spacing );word-spacing:var( --e-global-typography-text-word-spacing );}.elementor-widget-pp-info-box-carousel .pp-info-box-button{background-color:var( --e-global-color-accent );font-family:var( --e-global-typography-accent-font-family ), Sans-serif;font-size:var( --e-global-typography-accent-font-size );font-weight:var( --e-global-typography-accent-font-weight );text-transform:var( --e-global-typography-accent-text-transform );font-style:var( --e-global-typography-accent-font-style );text-decoration:var( --e-global-typography-accent-text-decoration );line-height:var( --e-global-typography-accent-line-height );letter-spacing:var( --e-global-typography-accent-letter-spacing );word-spacing:var( --e-global-typography-accent-word-spacing );}.elementor-widget-pp-info-box-carousel .swiper-pagination-fraction{font-family:var( --e-global-typography-accent-font-family ), Sans-serif;font-size:var( --e-global-typography-accent-font-size );font-weight:var( --e-global-typography-accent-font-weight );text-transform:var( --e-global-typography-accent-text-transform );font-style:var( --e-global-typography-accent-font-style );text-decoration:var( --e-global-typography-accent-text-decoration );line-height:var( --e-global-typography-accent-line-height );letter-spacing:var( --e-global-typography-accent-letter-spacing );word-spacing:var( --e-global-typography-accent-word-spacing );}.elementor-1120 .elementor-element.elementor-element-294fa27 .pp-info-box-icon{font-size:5px;transform:rotate( 0deg );padding:0px;}.elementor-1120 .elementor-element.elementor-element-294fa27 .pp-info-box-icon img{width:200px;}.elementor-1120 .elementor-element.elementor-element-294fa27 .pp-info-box-title{color:#F2F2F2;font-family:\"Darker Grotesque\", Sans-serif;font-size:18px;font-weight:400;text-transform:uppercase;font-style:normal;text-decoration:none;line-height:44px;letter-spacing:4px;word-spacing:0px;margin-bottom:20px;}.elementor-1120 .elementor-element.elementor-element-294fa27 .pp-info-box-subtitle{margin-bottom:20px;}.elementor-1120 .elementor-element.elementor-element-294fa27 .pp-info-box-description{color:#FCFBFB;margin-bottom:0px;}.elementor-1120 .elementor-element.elementor-element-294fa27 .pp-info-box-button{color:#F8F3F3;background-color:#020202;}.elementor-1120 .elementor-element.elementor-element-294fa27 .pp-info-box-button .pp-icon{fill:#F8F3F3;}.elementor-1120 .elementor-element.elementor-element-294fa27 .pp-slider-arrow{font-size:15px;}.elementor-1120 .elementor-element.elementor-element-294fa27 .elementor-swiper-button-prev{left:-44px;}.elementor-1120 .elementor-element.elementor-element-294fa27 .elementor-swiper-button-next{right:-41px;}.elementor-1120 .elementor-element.elementor-element-294fa27.elementor-element{--align-self:center;}@media(max-width:1024px){.elementor-1120 .elementor-element.elementor-element-9a52d8c{--padding-top:4%;--padding-bottom:4%;--padding-left:12%;--padding-right:12%;}.elementor-widget-heading .elementor-heading-title{font-size:var( --e-global-typography-primary-font-size );line-height:var( --e-global-typography-primary-line-height );letter-spacing:var( --e-global-typography-primary-letter-spacing );word-spacing:var( --e-global-typography-primary-word-spacing );}.elementor-widget-text-editor{font-size:var( --e-global-typography-text-font-size );line-height:var( --e-global-typography-text-line-height );letter-spacing:var( --e-global-typography-text-letter-spacing );word-spacing:var( --e-global-typography-text-word-spacing );}.elementor-1120 .elementor-element.elementor-element-d10a045{font-size:19px;}.elementor-widget-pp-info-box-carousel .pp-info-box-icon{font-size:var( --e-global-typography-accent-font-size );line-height:var( --e-global-typography-accent-line-height );letter-spacing:var( --e-global-typography-accent-letter-spacing );word-spacing:var( --e-global-typography-accent-word-spacing );}.elementor-widget-pp-info-box-carousel .pp-info-box-title{font-size:var( --e-global-typography-primary-font-size );line-height:var( --e-global-typography-primary-line-height );letter-spacing:var( --e-global-typography-primary-letter-spacing );word-spacing:var( --e-global-typography-primary-word-spacing );}.elementor-widget-pp-info-box-carousel .pp-info-box-subtitle{font-size:var( --e-global-typography-secondary-font-size );line-height:var( --e-global-typography-secondary-line-height );letter-spacing:var( --e-global-typography-secondary-letter-spacing );word-spacing:var( --e-global-typography-secondary-word-spacing );}.elementor-widget-pp-info-box-carousel .pp-info-box-description{font-size:var( --e-global-typography-text-font-size );line-height:var( --e-global-typography-text-line-height );letter-spacing:var( --e-global-typography-text-letter-spacing );word-spacing:var( --e-global-typography-text-word-spacing );}.elementor-widget-pp-info-box-carousel .pp-info-box-button{font-size:var( --e-global-typography-accent-font-size );line-height:var( --e-global-typography-accent-line-height );letter-spacing:var( --e-global-typography-accent-letter-spacing );word-spacing:var( --e-global-typography-accent-word-spacing );}.elementor-widget-pp-info-box-carousel .swiper-pagination-fraction{font-size:var( --e-global-typography-accent-font-size );line-height:var( --e-global-typography-accent-line-height );letter-spacing:var( --e-global-typography-accent-letter-spacing );word-spacing:var( --e-global-typography-accent-word-spacing );}.elementor-1120 .elementor-element.elementor-element-294fa27 .pp-info-box-title{font-size:38px;line-height:1em;}}@media(min-width:768px){.elementor-1120 .elementor-element.elementor-element-9a52d8c{--content-width:866px;}}@media(max-width:767px){.elementor-1120 .elementor-element.elementor-element-9a52d8c{--min-height:700px;--padding-top:6%;--padding-bottom:6%;--padding-left:8%;--padding-right:8%;}.elementor-widget-heading .elementor-heading-title{font-size:var( --e-global-typography-primary-font-size );line-height:var( --e-global-typography-primary-line-height );letter-spacing:var( --e-global-typography-primary-letter-spacing );word-spacing:var( --e-global-typography-primary-word-spacing );}.elementor-widget-text-editor{font-size:var( --e-global-typography-text-font-size );line-height:var( --e-global-typography-text-line-height );letter-spacing:var( --e-global-typography-text-letter-spacing );word-spacing:var( --e-global-typography-text-word-spacing );}.elementor-1120 .elementor-element.elementor-element-d10a045{font-size:18px;}.elementor-widget-pp-info-box-carousel .pp-info-box-icon{font-size:var( --e-global-typography-accent-font-size );line-height:var( --e-global-typography-accent-line-height );letter-spacing:var( --e-global-typography-accent-letter-spacing );word-spacing:var( --e-global-typography-accent-word-spacing );}.elementor-widget-pp-info-box-carousel .pp-info-box-title{font-size:var( --e-global-typography-primary-font-size );line-height:var( --e-global-typography-primary-line-height );letter-spacing:var( --e-global-typography-primary-letter-spacing );word-spacing:var( --e-global-typography-primary-word-spacing );}.elementor-widget-pp-info-box-carousel .pp-info-box-subtitle{font-size:var( --e-global-typography-secondary-font-size );line-height:var( --e-global-typography-secondary-line-height );letter-spacing:var( --e-global-typography-secondary-letter-spacing );word-spacing:var( --e-global-typography-secondary-word-spacing );}.elementor-widget-pp-info-box-carousel .pp-info-box-description{font-size:var( --e-global-typography-text-font-size );line-height:var( --e-global-typography-text-line-height );letter-spacing:var( --e-global-typography-text-letter-spacing );word-spacing:var( --e-global-typography-text-word-spacing );}.elementor-widget-pp-info-box-carousel .pp-info-box-button{font-size:var( --e-global-typography-accent-font-size );line-height:var( --e-global-typography-accent-line-height );letter-spacing:var( --e-global-typography-accent-letter-spacing );word-spacing:var( --e-global-typography-accent-word-spacing );}.elementor-widget-pp-info-box-carousel .swiper-pagination-fraction{font-size:var( --e-global-typography-accent-font-size );line-height:var( --e-global-typography-accent-line-height );letter-spacing:var( --e-global-typography-accent-letter-spacing );word-spacing:var( --e-global-typography-accent-word-spacing );}.elementor-1120 .elementor-element.elementor-element-294fa27 .pp-info-box-title{font-size:32px;}}<\/style>\t\t<div data-elementor-type=\"wp-page\" data-elementor-id=\"1120\" class=\"elementor elementor-1120\" data-elementor-post-type=\"page\">\n\t\t\t\t<div class=\"elementor-element elementor-element-9a52d8c e-flex e-con-boxed e-con e-parent\" data-id=\"9a52d8c\" data-element_type=\"container\" data-e-type=\"container\" data-settings=\"{&quot;background_background&quot;:&quot;classic&quot;}\">\n\t\t\t\t\t<div class=\"e-con-inner\">\n\t\t\t\t<div class=\"elementor-element elementor-element-3d917fd elementor-widget elementor-widget-spacer\" data-id=\"3d917fd\" data-element_type=\"widget\" data-e-type=\"widget\" data-widget_type=\"spacer.default\">\n\t\t\t\t<div class=\"elementor-widget-container\">\n\t\t\t\t\t\t\t<div class=\"elementor-spacer\">\n\t\t\t<div class=\"elementor-spacer-inner\"><\/div>\n\t\t<\/div>\n\t\t\t\t\t\t<\/div>\n\t\t\t\t<\/div>\n\t\t\t\t<div class=\"elementor-element elementor-element-1a2b93e elementor-widget elementor-widget-heading\" data-id=\"1a2b93e\" data-element_type=\"widget\" data-e-type=\"widget\" data-widget_type=\"heading.default\">\n\t\t\t\t<div class=\"elementor-widget-container\">\n\t\t\t\t\t<h2 class=\"elementor-heading-title elementor-size-default translation-block\">Redimiendo las estaciones: Encontrando la gracia de Dios en cada celebraci\u00f3n<br><br> pr\u00f3ximamente<\/h2>\t\t\t\t<\/div>\n\t\t\t\t<\/div>\n\t\t\t\t<div class=\"elementor-element elementor-element-d10a045 elementor-widget elementor-widget-text-editor\" data-id=\"d10a045\" data-element_type=\"widget\" data-e-type=\"widget\" data-widget_type=\"text-editor.default\">\n\t\t\t\t<div class=\"elementor-widget-container\">\n\t\t\t\t\t\t\t\t\t<div class=\"elementor-element elementor-element-85bf716 elementor-widget elementor-widget-text-editor\" data-id=\"85bf716\" data-element_type=\"widget\" data-widget_type=\"text-editor.default\"><p style=\"text-align: center;\"><span style=\"color: #ffffff;\">\u00bfQu\u00e9 pasar\u00eda si cada festividad, ya sea sagrada, cultural o incluso controvertida, pudiera convertirse en una puerta de entrada a la gracia de Dios?<\/span><\/p><p style=\"text-align: center;\"><span style=\"color: #ffffff;\">Esta innovadora serie invita a los creyentes a mirar el calendario con una nueva perspectiva, descubriendo c\u00f3mo Cristo puede redimir cada temporada, cada festividad y cada tradici\u00f3n. Desde Halloween hasta Navidad, Pascua hasta San Valent\u00edn, Acci\u00f3n de Gracias hasta A\u00f1o Nuevo, e incluso cumplea\u00f1os y celebraciones nacionales, estos libros exploran las ra\u00edces de cada ocasi\u00f3n, abordan los desaf\u00edos que los cristianos enfrentan en ellas y revelan oportunidades de transformaci\u00f3n.<\/span><\/p><p style=\"text-align: center;\"><span style=\"color: #ffffff;\">Cada volumen combina historia, teolog\u00eda y an\u00e1lisis cultural con sabidur\u00eda pr\u00e1ctica, mostrando c\u00f3mo pasar del miedo a la fe, del compromiso a la convicci\u00f3n, y del ritual vac\u00edo al significado redentor. Los lectores encontrar\u00e1n herramientas para el discipulado, recursos para las familias y esperanza para navegar en una cultura que a menudo confunde o distorsiona el designio divino para la celebraci\u00f3n.<\/span><\/p><p style=\"text-align: center;\" class=\"translation-block\"><span style=\"color: #ffffff\">En esencia, <i>Redimir las Estaciones<\/i> va m\u00e1s all\u00e1 de las festividades. Se trata de ver cada momento de la vida como una oportunidad para reflejar el amor de Cristo. En estas p\u00e1ginas descubrir\u00e1s que ninguna tradici\u00f3n es demasiado antigua, ninguna festividad demasiado secular, ni ninguna \u00e9poca demasiado oscura para que Dios la redima con su luz.<\/span><\/p><p style=\"text-align: center;\"><span style=\"color: #ffffff;\">Ya sea que usted sea un padre que anhela guiar a sus hijos, un pastor que equipa a su iglesia o un creyente que busca sabidur\u00eda para su propio camino, esta serie ofrece una nueva visi\u00f3n de celebraci\u00f3n: arraigada en las Escrituras, viva con gracia y centrada en Cristo.<\/span><\/p><p style=\"text-align: center;\"><span style=\"color: #ffffff;\"><b>Cada temporada le pertenece a \u00c9l. Cada celebraci\u00f3n puede se\u00f1alar Su gloria.<\/b><\/span><\/p><\/div>\t\t\t\t\t\t\t\t<\/div>\n\t\t\t\t<\/div>\n\t\t\t\t<div class=\"elementor-element elementor-element-294fa27 pp-info-box-below-title elementor-widget elementor-widget-pp-info-box-carousel\" data-id=\"294fa27\" data-element_type=\"widget\" data-e-type=\"widget\" data-widget_type=\"pp-info-box-carousel.default\">\n\t\t\t\t<div class=\"elementor-widget-container\">\n\t\t\t\t\t\t\t<div class=\"pp-info-box-container pp-info-box-carousel pp-swiper-slider swiper swiper-container-wrap-dots-outside\" data-slider-settings=\"{&quot;effect&quot;:&quot;slide&quot;,&quot;speed&quot;:500,&quot;slides_per_view&quot;:4,&quot;space_between&quot;:31,&quot;auto_height&quot;:true,&quot;loop&quot;:&quot;yes&quot;,&quot;centered_slides&quot;:&quot;yes&quot;,&quot;pagination&quot;:&quot;fraction&quot;,&quot;show_arrows&quot;:true,&quot;slides_per_view_mobile&quot;:1,&quot;space_between_mobile&quot;:10,&quot;slides_per_view_tablet&quot;:2,&quot;space_between_tablet&quot;:10}\">\n\t\t\t\t\t\t\t<div class=\"swiper-wrapper\">\n\t\t\t\n\t\t\t\t\t\t\t<div class=\"pp-info-box swiper-slide\">\n\t\t\t\t\t\n\t\t\t\t\t\n\t\t\t\t\t\n\t\t\t\t\t<div class=\"pp-info-box-content\">\n\t\t\t\t\t\t\t\t<div class=\"pp-info-box-title-wrap\">\n\t\t\t\t\t<\/div>\n\t\t\t\t\t<div class=\"pp-info-box-icon-wrap\">\n\t\t\t\t\t\t\t\t<span class=\"pp-info-box-icon pp-icon\">\n\t\t\t\t\t\t\t\t\t\t\t\t\t\t\t\t\t\t\t<img decoding=\"async\" src=\"https:\/\/authorjoshua.com\/wp-content\/uploads\/2025\/10\/h1.png\" alt=\"h1\">\n\t\t\t\t\t\t\t\t\t\t\t\t\t\t\t\t\t<\/span>\n\n\t\t\t\t\t\t\t<\/div>\n\t\t\t\n\t\t\t\t\t\t\n\t\t\t\t\t\t\n\t\t\t\t\t\t\t\t\t\t\t<\/div>\n\n\t\t\t\t\t\t\t\t\t<\/div>\n\t\t\t\t\t\t\t<div class=\"pp-info-box swiper-slide\">\n\t\t\t\t\t\n\t\t\t\t\t\n\t\t\t\t\t\n\t\t\t\t\t<div class=\"pp-info-box-content\">\n\t\t\t\t\t\t\t\t<div class=\"pp-info-box-title-wrap\">\n\t\t\t\t\t<\/div>\n\t\t\t\t\t<div class=\"pp-info-box-icon-wrap\">\n\t\t\t\t\t\t\t\t<span class=\"pp-info-box-icon pp-icon\">\n\t\t\t\t\t\t\t\t\t\t\t\t\t\t\t\t\t\t\t<img decoding=\"async\" src=\"https:\/\/authorjoshua.com\/wp-content\/uploads\/2025\/10\/h3.png\" alt=\"h3\">\n\t\t\t\t\t\t\t\t\t\t\t\t\t\t\t\t\t<\/span>\n\n\t\t\t\t\t\t\t<\/div>\n\t\t\t\n\t\t\t\t\t\t\n\t\t\t\t\t\t\n\t\t\t\t\t\t\t\t\t\t\t<\/div>\n\n\t\t\t\t\t\t\t\t\t<\/div>\n\t\t\t\t\t\t\t<div class=\"pp-info-box swiper-slide\">\n\t\t\t\t\t\n\t\t\t\t\t\n\t\t\t\t\t\n\t\t\t\t\t<div class=\"pp-info-box-content\">\n\t\t\t\t\t\t\t\t<div class=\"pp-info-box-title-wrap\">\n\t\t\t\t\t<\/div>\n\t\t\t\t\t<div class=\"pp-info-box-icon-wrap\">\n\t\t\t\t\t\t\t\t<span class=\"pp-info-box-icon pp-icon\">\n\t\t\t\t\t\t\t\t\t\t\t\t\t\t\t\t\t\t\t<img decoding=\"async\" src=\"https:\/\/authorjoshua.com\/wp-content\/uploads\/2025\/10\/h2.png\" alt=\"h2\">\n\t\t\t\t\t\t\t\t\t\t\t\t\t\t\t\t\t<\/span>\n\n\t\t\t\t\t\t\t<\/div>\n\t\t\t\n\t\t\t\t\t\t\n\t\t\t\t\t\t\n\t\t\t\t\t\t\t\t\t\t\t<\/div>\n\n\t\t\t\t\t\t\t\t\t<\/div>\n\t\t\t\t\t\t\t<div class=\"pp-info-box swiper-slide\">\n\t\t\t\t\t\n\t\t\t\t\t\n\t\t\t\t\t\n\t\t\t\t\t<div class=\"pp-info-box-content\">\n\t\t\t\t\t\t\t\t<div class=\"pp-info-box-title-wrap\">\n\t\t\t\t\t<\/div>\n\t\t\t\t\t<div class=\"pp-info-box-icon-wrap\">\n\t\t\t\t\t\t\t\t<span class=\"pp-info-box-icon pp-icon\">\n\t\t\t\t\t\t\t\t\t\t\t\t\t\t\t\t\t\t\t<img decoding=\"async\" src=\"https:\/\/authorjoshua.com\/wp-content\/uploads\/2025\/10\/h4.png\" alt=\"h4\">\n\t\t\t\t\t\t\t\t\t\t\t\t\t\t\t\t\t<\/span>\n\n\t\t\t\t\t\t\t<\/div>\n\t\t\t\n\t\t\t\t\t\t\n\t\t\t\t\t\t\n\t\t\t\t\t\t\t\t\t\t\t<\/div>\n\n\t\t\t\t\t\t\t\t\t<\/div>\n\t\t\t\t\t\t\t<div class=\"pp-info-box swiper-slide\">\n\t\t\t\t\t\n\t\t\t\t\t\n\t\t\t\t\t\n\t\t\t\t\t<div class=\"pp-info-box-content\">\n\t\t\t\t\t\t\t\t<div class=\"pp-info-box-title-wrap\">\n\t\t\t\t\t<\/div>\n\t\t\t\t\t<div class=\"pp-info-box-icon-wrap\">\n\t\t\t\t\t\t\t\t<span class=\"pp-info-box-icon pp-icon\">\n\t\t\t\t\t\t\t\t\t\t\t\t\t\t\t\t\t\t\t<img decoding=\"async\" src=\"https:\/\/authorjoshua.com\/wp-content\/uploads\/2025\/10\/h5.png\" alt=\"h5\">\n\t\t\t\t\t\t\t\t\t\t\t\t\t\t\t\t\t<\/span>\n\n\t\t\t\t\t\t\t<\/div>\n\t\t\t\n\t\t\t\t\t\t\n\t\t\t\t\t\t\n\t\t\t\t\t\t\t\t\t\t\t<\/div>\n\n\t\t\t\t\t\t\t\t\t<\/div>\n\t\t\t\n\t\t\t\t\t\t\t<\/div>\n\t\t\t\t\t\t\t<div class=\"swiper-pagination swiper-pagination-294fa27\"><\/div>\n\t\t\t\t\t\t<div class=\"pp-slider-arrow elementor-swiper-button-prev swiper-button-prev-294fa27\">\n\t\t\t\t\t<svg aria-hidden=\"true\" class=\"e-font-icon-svg e-fas-angle-left\" viewbox=\"0 0 256 512\" xmlns=\"http:\/\/www.w3.org\/2000\/svg\"><path d=\"M31.7 239l136-136c9.4-9.4 24.6-9.4 33.9 0l22.6 22.6c9.4 9.4 9.4 24.6 0 33.9L127.9 256l96.4 96.4c9.4 9.4 9.4 24.6 0 33.9L201.7 409c-9.4 9.4-24.6 9.4-33.9 0l-136-136c-9.5-9.4-9.5-24.6-.1-34z\"><\/path><\/svg>\t\t\t\t<\/div>\n\t\t\t\t<div class=\"pp-slider-arrow elementor-swiper-button-next swiper-button-next-294fa27\">\n\t\t\t\t\t<svg aria-hidden=\"true\" class=\"e-font-icon-svg e-fas-angle-right\" viewbox=\"0 0 256 512\" xmlns=\"http:\/\/www.w3.org\/2000\/svg\"><path d=\"M224.3 273l-136 136c-9.4 9.4-24.6 9.4-33.9 0l-22.6-22.6c-9.4-9.4-9.4-24.6 0-33.9l96.4-96.4-96.4-96.4c-9.4-9.4-9.4-24.6 0-33.9L54.3 103c9.4-9.4 24.6-9.4 33.9 0l136 136c9.5 9.4 9.5 24.6.1 34z\"><\/path><\/svg>\t\t\t\t<\/div>\n\t\t\t\t\t<\/div>\n\t\t\t\t\t\t<\/div>\n\t\t\t\t<\/div>\n\t\t\t\t\t<\/div>\n\t\t\t\t<\/div>\n\t\t\t\t<\/div>","protected":false},"excerpt":{"rendered":"<p>Redeeming the Seasons: Finding God\u2019s Grace in Every Celebration coming soon What if every holiday\u2014whether sacred, cultural, or even controversial\u2014could become a doorway to encounter God\u2019s grace? This groundbreaking series invites believers to look at the calendar with fresh eyes, discovering how Christ can redeem every season, every festivity, and every tradition. From Halloween to [&hellip;]<\/p>","protected":false},"author":1,"featured_media":116,"parent":0,"menu_order":0,"comment_status":"closed","ping_status":"closed","template":"elementor_header_footer","meta":{"footnotes":""},"class_list":["post-1120","page","type-page","status-publish","has-post-thumbnail","hentry"],"_hostinger_reach_plugin_has_subscription_block":false,"_hostinger_reach_plugin_is_elementor":false,"_links":{"self":[{"href":"https:\/\/authorjoshua.com\/es\/wp-json\/wp\/v2\/pages\/1120","targetHints":{"allow":["GET"]}}],"collection":[{"href":"https:\/\/authorjoshua.com\/es\/wp-json\/wp\/v2\/pages"}],"about":[{"href":"https:\/\/authorjoshua.com\/es\/wp-json\/wp\/v2\/types\/page"}],"author":[{"embeddable":true,"href":"https:\/\/authorjoshua.com\/es\/wp-json\/wp\/v2\/users\/1"}],"replies":[{"embeddable":true,"href":"https:\/\/authorjoshua.com\/es\/wp-json\/wp\/v2\/comments?post=1120"}],"version-history":[{"count":7,"href":"https:\/\/authorjoshua.com\/es\/wp-json\/wp\/v2\/pages\/1120\/revisions"}],"predecessor-version":[{"id":2286,"href":"https:\/\/authorjoshua.com\/es\/wp-json\/wp\/v2\/pages\/1120\/revisions\/2286"}],"wp:featuredmedia":[{"embeddable":true,"href":"https:\/\/authorjoshua.com\/es\/wp-json\/wp\/v2\/media\/116"}],"wp:attachment":[{"href":"https:\/\/authorjoshua.com\/es\/wp-json\/wp\/v2\/media?parent=1120"}],"curies":[{"name":"wp","href":"https:\/\/api.w.org\/{rel}","templated":true}]}}