{"id":1144,"date":"2025-10-06T03:08:50","date_gmt":"2025-10-06T03:08:50","guid":{"rendered":"https:\/\/authorjoshua.com\/?page_id=1144"},"modified":"2025-10-06T03:42:39","modified_gmt":"2025-10-06T03:42:39","slug":"about-children-of-the-word-series","status":"publish","type":"page","link":"https:\/\/authorjoshua.com\/es\/about-children-of-the-word-series\/","title":{"rendered":"Sobre el Serie de Los Ni\u00f1os de La Palabra"},"content":{"rendered":"<style>.elementor-1144 .elementor-element.elementor-element-9a52d8c{--display:flex;--min-height:600px;--flex-direction:column;--container-widget-width:calc( ( 1 - var( --container-widget-flex-grow ) ) * 100% );--container-widget-height:initial;--container-widget-flex-grow:0;--container-widget-align-self:initial;--flex-wrap-mobile:wrap;--justify-content:center;--align-items:center;--gap:30px 30px;--row-gap:30px;--column-gap:30px;--padding-top:4%;--padding-bottom:4%;--padding-left:4%;--padding-right:4%;}.elementor-1144 .elementor-element.elementor-element-9a52d8c:not(.elementor-motion-effects-element-type-background), .elementor-1144 .elementor-element.elementor-element-9a52d8c > .elementor-motion-effects-container > .elementor-motion-effects-layer{background-color:#070707;}.elementor-1144 .elementor-element.elementor-element-3d917fd{--spacer-size:50px;}.elementor-widget-heading .elementor-heading-title{font-family:var( --e-global-typography-primary-font-family ), Sans-serif;font-size:var( --e-global-typography-primary-font-size );font-weight:var( --e-global-typography-primary-font-weight );text-transform:var( --e-global-typography-primary-text-transform );font-style:var( --e-global-typography-primary-font-style );text-decoration:var( --e-global-typography-primary-text-decoration );line-height:var( --e-global-typography-primary-line-height );letter-spacing:var( --e-global-typography-primary-letter-spacing );word-spacing:var( --e-global-typography-primary-word-spacing );color:var( --e-global-color-primary );}.elementor-1144 .elementor-element.elementor-element-1a2b93e{text-align:center;}.elementor-1144 .elementor-element.elementor-element-1a2b93e .elementor-heading-title{color:#FDFCFC;}.elementor-1144 .elementor-element.elementor-element-d704ccd{--display:flex;}.elementor-1144 .elementor-element.elementor-element-d704ccd.e-con{--flex-grow:0;--flex-shrink:0;}.elementor-1144 .elementor-element.elementor-element-2d900d9{--display:grid;--e-con-grid-template-columns:repeat(2, 1fr);--e-con-grid-template-rows:repeat(1, 1fr);--grid-auto-flow:row;}.elementor-widget-image .widget-image-caption{color:var( --e-global-color-text );font-family:var( --e-global-typography-text-font-family ), Sans-serif;font-size:var( --e-global-typography-text-font-size );font-weight:var( --e-global-typography-text-font-weight );text-transform:var( --e-global-typography-text-text-transform );font-style:var( --e-global-typography-text-font-style );text-decoration:var( --e-global-typography-text-text-decoration );line-height:var( --e-global-typography-text-line-height );letter-spacing:var( --e-global-typography-text-letter-spacing );word-spacing:var( --e-global-typography-text-word-spacing );}.elementor-1144 .elementor-element.elementor-element-2e26195 > .elementor-widget-container{margin:98px 0px 0px 0px;}.elementor-widget-text-editor{font-family:var( --e-global-typography-text-font-family ), Sans-serif;font-size:var( --e-global-typography-text-font-size );font-weight:var( --e-global-typography-text-font-weight );text-transform:var( --e-global-typography-text-text-transform );font-style:var( --e-global-typography-text-font-style );text-decoration:var( --e-global-typography-text-text-decoration );line-height:var( --e-global-typography-text-line-height );letter-spacing:var( --e-global-typography-text-letter-spacing );word-spacing:var( --e-global-typography-text-word-spacing );color:var( --e-global-color-text );}.elementor-widget-text-editor.elementor-drop-cap-view-stacked .elementor-drop-cap{background-color:var( --e-global-color-primary );}.elementor-widget-text-editor.elementor-drop-cap-view-framed .elementor-drop-cap, .elementor-widget-text-editor.elementor-drop-cap-view-default .elementor-drop-cap{color:var( --e-global-color-primary );border-color:var( --e-global-color-primary );}.elementor-1144 .elementor-element.elementor-element-d10a045{font-family:\"Titillium Web\", Sans-serif;font-size:20px;font-weight:300;text-transform:none;font-style:normal;text-decoration:none;line-height:23px;letter-spacing:0px;word-spacing:0px;color:#FDFDFD;}.elementor-1144 .elementor-element.elementor-element-6737bc2{font-family:\"Titillium Web\", Sans-serif;font-size:20px;font-weight:300;text-transform:none;font-style:normal;text-decoration:none;line-height:23px;letter-spacing:0px;word-spacing:0px;color:#FDFDFD;}@media(max-width:1024px){.elementor-1144 .elementor-element.elementor-element-9a52d8c{--padding-top:4%;--padding-bottom:4%;--padding-left:12%;--padding-right:12%;}.elementor-widget-heading .elementor-heading-title{font-size:var( --e-global-typography-primary-font-size );line-height:var( --e-global-typography-primary-line-height );letter-spacing:var( --e-global-typography-primary-letter-spacing );word-spacing:var( --e-global-typography-primary-word-spacing );}.elementor-1144 .elementor-element.elementor-element-2d900d9{--grid-auto-flow:row;}.elementor-widget-image .widget-image-caption{font-size:var( --e-global-typography-text-font-size );line-height:var( --e-global-typography-text-line-height );letter-spacing:var( --e-global-typography-text-letter-spacing );word-spacing:var( --e-global-typography-text-word-spacing );}.elementor-widget-text-editor{font-size:var( --e-global-typography-text-font-size );line-height:var( --e-global-typography-text-line-height );letter-spacing:var( --e-global-typography-text-letter-spacing );word-spacing:var( --e-global-typography-text-word-spacing );}.elementor-1144 .elementor-element.elementor-element-d10a045{font-size:19px;}.elementor-1144 .elementor-element.elementor-element-6737bc2{font-size:19px;}}@media(min-width:768px){.elementor-1144 .elementor-element.elementor-element-9a52d8c{--content-width:866px;}.elementor-1144 .elementor-element.elementor-element-d704ccd{--width:90.789%;}}@media(max-width:767px){.elementor-1144 .elementor-element.elementor-element-9a52d8c{--min-height:700px;--padding-top:6%;--padding-bottom:6%;--padding-left:8%;--padding-right:8%;}.elementor-widget-heading .elementor-heading-title{font-size:var( --e-global-typography-primary-font-size );line-height:var( --e-global-typography-primary-line-height );letter-spacing:var( --e-global-typography-primary-letter-spacing );word-spacing:var( --e-global-typography-primary-word-spacing );}.elementor-1144 .elementor-element.elementor-element-2d900d9{--e-con-grid-template-columns:repeat(1, 1fr);--grid-auto-flow:row;}.elementor-widget-image .widget-image-caption{font-size:var( --e-global-typography-text-font-size );line-height:var( --e-global-typography-text-line-height );letter-spacing:var( --e-global-typography-text-letter-spacing );word-spacing:var( --e-global-typography-text-word-spacing );}.elementor-widget-text-editor{font-size:var( --e-global-typography-text-font-size );line-height:var( --e-global-typography-text-line-height );letter-spacing:var( --e-global-typography-text-letter-spacing );word-spacing:var( --e-global-typography-text-word-spacing );}.elementor-1144 .elementor-element.elementor-element-d10a045{font-size:18px;}.elementor-1144 .elementor-element.elementor-element-6737bc2{font-size:18px;}}<\/style>\t\t<div data-elementor-type=\"wp-page\" data-elementor-id=\"1144\" class=\"elementor elementor-1144\" data-elementor-post-type=\"page\">\n\t\t\t\t<div class=\"elementor-element elementor-element-9a52d8c e-flex e-con-boxed e-con e-parent\" data-id=\"9a52d8c\" data-element_type=\"container\" data-e-type=\"container\" data-settings=\"{&quot;background_background&quot;:&quot;classic&quot;}\">\n\t\t\t\t\t<div class=\"e-con-inner\">\n\t\t\t\t<div class=\"elementor-element elementor-element-3d917fd elementor-widget elementor-widget-spacer\" data-id=\"3d917fd\" data-element_type=\"widget\" data-e-type=\"widget\" data-widget_type=\"spacer.default\">\n\t\t\t\t<div class=\"elementor-widget-container\">\n\t\t\t\t\t\t\t<div class=\"elementor-spacer\">\n\t\t\t<div class=\"elementor-spacer-inner\"><\/div>\n\t\t<\/div>\n\t\t\t\t\t\t<\/div>\n\t\t\t\t<\/div>\n\t\t\t\t<div class=\"elementor-element elementor-element-1a2b93e elementor-widget elementor-widget-heading\" data-id=\"1a2b93e\" data-element_type=\"widget\" data-e-type=\"widget\" data-widget_type=\"heading.default\">\n\t\t\t\t<div class=\"elementor-widget-container\">\n\t\t\t\t\t<h2 class=\"elementor-heading-title elementor-size-default\">Sobre el Serie de Los Ni\u00f1os de La Palabra\n<\/h2>\t\t\t\t<\/div>\n\t\t\t\t<\/div>\n\t\t<div class=\"elementor-element elementor-element-d704ccd e-con-full e-flex e-con e-child\" data-id=\"d704ccd\" data-element_type=\"container\" data-e-type=\"container\">\n\t\t<div class=\"elementor-element elementor-element-2d900d9 e-grid e-con-full e-con e-child\" data-id=\"2d900d9\" data-element_type=\"container\" data-e-type=\"container\">\n\t\t\t\t<div class=\"elementor-element elementor-element-2e26195 elementor-widget elementor-widget-image\" data-id=\"2e26195\" data-element_type=\"widget\" data-e-type=\"widget\" data-widget_type=\"image.default\">\n\t\t\t\t<div class=\"elementor-widget-container\">\n\t\t\t\t\t\t\t\t\t\t\t\t\t\t\t<img fetchpriority=\"high\" decoding=\"async\" width=\"682\" height=\"1024\" src=\"https:\/\/authorjoshua.com\/wp-content\/uploads\/2025\/10\/Untitled-design-2-682x1024.png\" class=\"attachment-large size-large wp-image-1150\" alt=\"\" srcset=\"https:\/\/authorjoshua.com\/wp-content\/uploads\/2025\/10\/Untitled-design-2-682x1024.png 682w, https:\/\/authorjoshua.com\/wp-content\/uploads\/2025\/10\/Untitled-design-2-600x900.png 600w, https:\/\/authorjoshua.com\/wp-content\/uploads\/2025\/10\/Untitled-design-2-200x300.png 200w, https:\/\/authorjoshua.com\/wp-content\/uploads\/2025\/10\/Untitled-design-2-768x1152.png 768w, https:\/\/authorjoshua.com\/wp-content\/uploads\/2025\/10\/Untitled-design-2-1024x1536.png 1024w, https:\/\/authorjoshua.com\/wp-content\/uploads\/2025\/10\/Untitled-design-2-8x12.png 8w, https:\/\/authorjoshua.com\/wp-content\/uploads\/2025\/10\/Untitled-design-2.png 1333w\" sizes=\"(max-width: 682px) 100vw, 682px\" \/>\t\t\t\t\t\t\t\t\t\t\t\t\t\t\t<\/div>\n\t\t\t\t<\/div>\n\t\t\t\t<div class=\"elementor-element elementor-element-d10a045 elementor-widget elementor-widget-text-editor\" data-id=\"d10a045\" data-element_type=\"widget\" data-e-type=\"widget\" data-widget_type=\"text-editor.default\">\n\t\t\t\t<div class=\"elementor-widget-container\">\n\t\t\t\t\t\t\t\t\t<div class=\"elementor-element elementor-element-edcfcf2 elementor-widget__width-initial elementor-widget elementor-widget-text-editor\" data-id=\"edcfcf2\" data-element_type=\"widget\" data-widget_type=\"text-editor.default\"><p style=\"text-align: right;\" class=\"translation-block\"><span style=\"color: #999999\">Apuesto a que sus hijos, e incluso usted, nunca han escuchado la mayor\u00eda de estas historias b\u00edblicas de la serie Hijos de la Palabra.<\/span><\/p><p style=\"text-align: right;\" class=\"translation-block\"><span style=\"color: #999999\">Esta no es otra versi\u00f3n reciclada de \"David y Goliat, Jon\u00e1s y la ballena\". Estas son las <b>historias olvidadas<\/b>: momentos poderosos y rara vez contados de las Escrituras, cobrados vida de una manera que los ni\u00f1os finalmente pueden <b>ver<\/b>, <b>sentir<\/b> y <b>comprender<\/b>.<\/span><\/p><p style=\"text-align: right;\"><span style=\"color: #999999;\"><strong>Cada libro hace tres cosas:<\/strong><\/span><\/p><p style=\"text-align: right;\"><span style=\"color: #999999;\"><b>Cuenta la historia b\u00edblica de una manera que tus hijos recordar\u00e1n por siempre.<\/b><\/span><\/p><p style=\"text-align: right;\"><span style=\"color: #999999;\"><b>Lo conecta con una par\u00e1bola moderna para que puedan relacionarlo con su propio mundo.<\/b><\/span><\/p><p style=\"text-align: right;\"><span style=\"color: #999999;\"><b>Les da un plan de acci\u00f3n para vivir realmente la lecci\u00f3n y caminar m\u00e1s cerca de Dios.<\/b><\/span><\/p><p style=\"text-align: right;\" class=\"translation-block\"><span style=\"color: #999999\">Crec\u00ed deseando que existiera algo as\u00ed. Ojal\u00e1 hubiera tenido historias como estas: historias que no solo <b>ense\u00f1an reglas<\/b>, sino que <b>despiertan convicci\u00f3n<\/b>, despiertan <b>curiosidad<\/b> e inspiran un <b>verdadero deseo de permanecer en la Palabra de Dios<\/b>.<\/span><\/p><p style=\"text-align: right;\"><span style=\"color: #999999;\">Cada libro incluye lecciones f\u00e1ciles de comprender e inolvidables para los ni\u00f1os.<\/span><\/p><p style=\"text-align: right;\" class=\"translation-block\"><span style=\"color: #999999\">\u00bfSab\u00edas que la Biblia nombra a m\u00e1s de 3000 personas? Para finales de 2025<\/b>, la colecci\u00f3n completa de m\u00e1s de <b>48 libros<\/b> y <strong>120 m\u00e1s en 2026<\/strong> estar\u00e1n disponibles en varios idiomas: un recurso dise\u00f1ado no solo para ni\u00f1os, sino tambi\u00e9n para <b>familias<\/b> que desean crecer juntas en la verdad de Dios.<\/span><\/p><p style=\"text-align: right;\" class=\"translation-block\"><span style=\"color: #999999\">Porque la fe no se ense\u00f1a con sermones.<\/span><br><span style=\"color: #999999\">Se vive a trav\u00e9s de historias.<br><br><br><\/span><\/p><\/div>\t\t\t\t\t\t\t\t<\/div>\n\t\t\t\t<\/div>\n\t\t\t\t<div class=\"elementor-element elementor-element-6737bc2 elementor-widget elementor-widget-text-editor\" data-id=\"6737bc2\" data-element_type=\"widget\" data-e-type=\"widget\" data-widget_type=\"text-editor.default\">\n\t\t\t\t<div class=\"elementor-widget-container\">\n\t\t\t\t\t\t\t\t\t<div class=\"elementor-element elementor-element-edcfcf2 elementor-widget__width-initial elementor-widget elementor-widget-text-editor\" data-id=\"edcfcf2\" data-element_type=\"widget\" data-widget_type=\"text-editor.default\"><h3 data-start=\"127\" data-end=\"148\"><span style=\"color: #999999;\">Acerca de la Insignia<\/span><\/h3><p data-start=\"149\" data-end=\"287\" class=\"translation-block\"><span style=\"color: #999999\">Ver\u00e1s una insignia especial en la portada de algunos libros de esta serie. La insignia dice: <strong>\u201cH\u00e9roe de la Biblia \u2014 Un aut\u00e9ntico superh\u00e9roe de no ficci\u00f3n\u201d.<\/strong><\/span><\/p><p data-start=\"289\" data-end=\"573\"><span style=\"color: #999999;\">\u00bfPor qu\u00e9? Porque en el mundo actual, los ni\u00f1os est\u00e1n rodeados de superh\u00e9roes que no son reales. Capas, m\u00e1scaras, poderes... todo es ficci\u00f3n. Pero la Biblia est\u00e1 llena de hombres, mujeres e incluso ni\u00f1os que se enfrentaron al peligro, se enfrentaron a gigantes, dijeron la verdad cuando les cost\u00f3 caro y confiaron en Dios en circunstancias imposibles.<\/span><\/p><p data-start=\"575\" data-end=\"729\" class=\"translation-block\"><span style=\"color: #999999\">Estos <strong data-start=\"585\" data-end=\"604\">no son cuentos de hadas<\/strong>. Son personas reales, de una historia real, con una fe aut\u00e9ntica. Eso los convierte en los h\u00e9roes m\u00e1s grandes que sus hijos podr\u00edan conocer.<\/span><\/p><p data-start=\"731\" data-end=\"867\" class=\"translation-block\"><span style=\"color: #999999\">La insignia es nuestra manera de recordarles a las familias: <em data-start=\"775\" data-end=\"865\">estas son historias reales, estos son verdaderos h\u00e9roes, y Dios sigue levantando h\u00e9roes hoy.<\/em><\/span><\/p><\/div>\t\t\t\t\t\t\t\t<\/div>\n\t\t\t\t<\/div>\n\t\t\t\t<div class=\"elementor-element elementor-element-a1f1f90 elementor-widget elementor-widget-image\" data-id=\"a1f1f90\" data-element_type=\"widget\" data-e-type=\"widget\" data-widget_type=\"image.default\">\n\t\t\t\t<div class=\"elementor-widget-container\">\n\t\t\t\t\t\t\t\t\t\t\t\t\t\t\t<img decoding=\"async\" width=\"682\" height=\"1024\" src=\"https:\/\/authorjoshua.com\/wp-content\/uploads\/2025\/12\/Untitled-Design-1.png\" class=\"attachment-large size-large wp-image-1156\" alt=\"\" srcset=\"https:\/\/authorjoshua.com\/wp-content\/uploads\/2025\/12\/Untitled-Design-1.png 1024w, https:\/\/authorjoshua.com\/wp-content\/uploads\/2025\/12\/Untitled-Design-1-200x300.png 200w, https:\/\/authorjoshua.com\/wp-content\/uploads\/2025\/12\/Untitled-Design-1-683x1024.png 683w, https:\/\/authorjoshua.com\/wp-content\/uploads\/2025\/12\/Untitled-Design-1-768x1152.png 768w, https:\/\/authorjoshua.com\/wp-content\/uploads\/2025\/12\/Untitled-Design-1-8x12.png 8w, https:\/\/authorjoshua.com\/wp-content\/uploads\/2025\/12\/Untitled-Design-1-600x900.png 600w\" sizes=\"(max-width: 682px) 100vw, 682px\" \/>\t\t\t\t\t\t\t\t\t\t\t\t\t\t\t<\/div>\n\t\t\t\t<\/div>\n\t\t\t\t<\/div>\n\t\t\t\t<\/div>\n\t\t\t\t\t<\/div>\n\t\t\t\t<\/div>\n\t\t\t\t<\/div>","protected":false},"excerpt":{"rendered":"<p>About Children of the Word I bet your kids \u2014 and even you \u2014 have\u00a0never heard most of these Bible stories in the Children of the Word Series. This isn\u2019t another recycled \u201cDavid and Goliath, Jonah and the Whale\u201d rendition. These are the forgotten stories\u00a0\u2014 powerful, rarely-told moments from Scripture brought to life in a [&hellip;]<\/p>","protected":false},"author":1,"featured_media":116,"parent":0,"menu_order":0,"comment_status":"closed","ping_status":"closed","template":"elementor_header_footer","meta":{"footnotes":""},"class_list":["post-1144","page","type-page","status-publish","has-post-thumbnail","hentry"],"_hostinger_reach_plugin_has_subscription_block":false,"_hostinger_reach_plugin_is_elementor":false,"_links":{"self":[{"href":"https:\/\/authorjoshua.com\/es\/wp-json\/wp\/v2\/pages\/1144","targetHints":{"allow":["GET"]}}],"collection":[{"href":"https:\/\/authorjoshua.com\/es\/wp-json\/wp\/v2\/pages"}],"about":[{"href":"https:\/\/authorjoshua.com\/es\/wp-json\/wp\/v2\/types\/page"}],"author":[{"embeddable":true,"href":"https:\/\/authorjoshua.com\/es\/wp-json\/wp\/v2\/users\/1"}],"replies":[{"embeddable":true,"href":"https:\/\/authorjoshua.com\/es\/wp-json\/wp\/v2\/comments?post=1144"}],"version-history":[{"count":10,"href":"https:\/\/authorjoshua.com\/es\/wp-json\/wp\/v2\/pages\/1144\/revisions"}],"predecessor-version":[{"id":1159,"href":"https:\/\/authorjoshua.com\/es\/wp-json\/wp\/v2\/pages\/1144\/revisions\/1159"}],"wp:featuredmedia":[{"embeddable":true,"href":"https:\/\/authorjoshua.com\/es\/wp-json\/wp\/v2\/media\/116"}],"wp:attachment":[{"href":"https:\/\/authorjoshua.com\/es\/wp-json\/wp\/v2\/media?parent=1144"}],"curies":[{"name":"wp","href":"https:\/\/api.w.org\/{rel}","templated":true}]}}