{"id":3009,"date":"2025-12-22T20:54:00","date_gmt":"2025-12-22T20:54:00","guid":{"rendered":"https:\/\/authorjoshua.com\/?page_id=3009"},"modified":"2025-12-22T21:03:35","modified_gmt":"2025-12-22T21:03:35","slug":"literary-review","status":"publish","type":"page","link":"https:\/\/authorjoshua.com\/es\/literary-review\/","title":{"rendered":"Revisi\u00f3n Literaria"},"content":{"rendered":"<style>.elementor-3009 .elementor-element.elementor-element-5f07ce56{--display:flex;--min-height:600px;--flex-direction:column;--container-widget-width:calc( ( 1 - var( --container-widget-flex-grow ) ) * 100% );--container-widget-height:initial;--container-widget-flex-grow:0;--container-widget-align-self:initial;--flex-wrap-mobile:wrap;--justify-content:center;--align-items:center;--gap:30px 30px;--row-gap:30px;--column-gap:30px;--padding-top:4%;--padding-bottom:4%;--padding-left:4%;--padding-right:4%;}.elementor-3009 .elementor-element.elementor-element-5f07ce56:not(.elementor-motion-effects-element-type-background), .elementor-3009 .elementor-element.elementor-element-5f07ce56 > .elementor-motion-effects-container > .elementor-motion-effects-layer{background-color:var( --e-global-color-secondary );}.elementor-widget-text-editor{font-family:var( --e-global-typography-text-font-family ), Sans-serif;font-size:var( --e-global-typography-text-font-size );font-weight:var( --e-global-typography-text-font-weight );text-transform:var( --e-global-typography-text-text-transform );font-style:var( --e-global-typography-text-font-style );text-decoration:var( --e-global-typography-text-text-decoration );line-height:var( --e-global-typography-text-line-height );letter-spacing:var( --e-global-typography-text-letter-spacing );word-spacing:var( --e-global-typography-text-word-spacing );color:var( --e-global-color-text );}.elementor-widget-text-editor.elementor-drop-cap-view-stacked .elementor-drop-cap{background-color:var( --e-global-color-primary );}.elementor-widget-text-editor.elementor-drop-cap-view-framed .elementor-drop-cap, .elementor-widget-text-editor.elementor-drop-cap-view-default .elementor-drop-cap{color:var( --e-global-color-primary );border-color:var( --e-global-color-primary );}.elementor-3009 .elementor-element.elementor-element-6d056a07{text-align:center;font-family:\"Darker Grotesque\", Sans-serif;font-size:22px;font-weight:300;text-transform:none;font-style:normal;text-decoration:none;line-height:23px;letter-spacing:0px;word-spacing:0px;color:var( --e-global-color-primary );}.elementor-3009 .elementor-element.elementor-element-6d056a07 > .elementor-widget-container{margin:0px 0px 0px 0px;padding:0px 0px 0px 0px;}.elementor-3009 .elementor-element.elementor-element-7f905329{--display:flex;--flex-direction:row;--container-widget-width:initial;--container-widget-height:100%;--container-widget-flex-grow:1;--container-widget-align-self:stretch;--flex-wrap-mobile:wrap;--gap:0px 0px;--row-gap:0px;--column-gap:0px;}.elementor-3009 .elementor-element.elementor-element-258bf79d{--display:flex;--flex-direction:column;--container-widget-width:100%;--container-widget-height:initial;--container-widget-flex-grow:0;--container-widget-align-self:initial;--flex-wrap-mobile:wrap;--justify-content:center;--gap:30px 30px;--row-gap:30px;--column-gap:30px;--padding-top:0%;--padding-bottom:0%;--padding-left:5%;--padding-right:5%;}.elementor-3009 .elementor-element.elementor-element-258bf79d.e-con{--flex-grow:0;--flex-shrink:0;}.elementor-widget-image .widget-image-caption{color:var( --e-global-color-text );font-family:var( --e-global-typography-text-font-family ), Sans-serif;font-size:var( --e-global-typography-text-font-size );font-weight:var( --e-global-typography-text-font-weight );text-transform:var( --e-global-typography-text-text-transform );font-style:var( --e-global-typography-text-font-style );text-decoration:var( --e-global-typography-text-text-decoration );line-height:var( --e-global-typography-text-line-height );letter-spacing:var( --e-global-typography-text-letter-spacing );word-spacing:var( --e-global-typography-text-word-spacing );}.elementor-3009 .elementor-element.elementor-element-4e6294e{--display:flex;}.elementor-3009 .elementor-element.elementor-element-df63344{--grid-template-columns:repeat(0, auto);--grid-column-gap:5px;--grid-row-gap:0px;}.elementor-3009 .elementor-element.elementor-element-df63344 .elementor-widget-container{text-align:center;}.elementor-3009 .elementor-element.elementor-element-418a676e{--display:flex;--min-height:637px;--flex-direction:column;--container-widget-width:100%;--container-widget-height:initial;--container-widget-flex-grow:0;--container-widget-align-self:initial;--flex-wrap-mobile:wrap;}.elementor-3009 .elementor-element.elementor-element-418a676e:not(.elementor-motion-effects-element-type-background), .elementor-3009 .elementor-element.elementor-element-418a676e > .elementor-motion-effects-container > .elementor-motion-effects-layer{background-image:url(\"https:\/\/authorjoshua.com\/wp-content\/uploads\/2025\/10\/00004283-PHOTO-2024-05-25-20-44-09.jpg\");background-position:center center;background-repeat:no-repeat;background-size:cover;}.elementor-3009 .elementor-element.elementor-element-418a676e.e-con{--flex-grow:0;--flex-shrink:0;}@media(min-width:768px){.elementor-3009 .elementor-element.elementor-element-5f07ce56{--content-width:866px;}.elementor-3009 .elementor-element.elementor-element-258bf79d{--width:20%;}.elementor-3009 .elementor-element.elementor-element-418a676e{--width:80%;}}@media(max-width:1024px) and (min-width:768px){.elementor-3009 .elementor-element.elementor-element-258bf79d{--width:100%;}.elementor-3009 .elementor-element.elementor-element-418a676e{--width:100%;}}@media(max-width:1024px){.elementor-3009 .elementor-element.elementor-element-5f07ce56{--padding-top:4%;--padding-bottom:4%;--padding-left:12%;--padding-right:12%;}.elementor-widget-text-editor{font-size:var( --e-global-typography-text-font-size );line-height:var( --e-global-typography-text-line-height );letter-spacing:var( --e-global-typography-text-letter-spacing );word-spacing:var( --e-global-typography-text-word-spacing );}.elementor-3009 .elementor-element.elementor-element-6d056a07{font-size:19px;}.elementor-3009 .elementor-element.elementor-element-7f905329{--flex-direction:column-reverse;--container-widget-width:100%;--container-widget-height:initial;--container-widget-flex-grow:0;--container-widget-align-self:initial;--flex-wrap-mobile:wrap;--flex-wrap:wrap;}.elementor-3009 .elementor-element.elementor-element-258bf79d{--justify-content:center;--align-items:center;--container-widget-width:calc( ( 1 - var( --container-widget-flex-grow ) ) * 100% );--padding-top:7%;--padding-bottom:10%;--padding-left:7%;--padding-right:7%;}.elementor-widget-image .widget-image-caption{font-size:var( --e-global-typography-text-font-size );line-height:var( --e-global-typography-text-line-height );letter-spacing:var( --e-global-typography-text-letter-spacing );word-spacing:var( --e-global-typography-text-word-spacing );}.elementor-3009 .elementor-element.elementor-element-418a676e{--min-height:560px;}}@media(max-width:767px){.elementor-3009 .elementor-element.elementor-element-5f07ce56{--min-height:700px;--padding-top:6%;--padding-bottom:6%;--padding-left:8%;--padding-right:8%;}.elementor-widget-text-editor{font-size:var( --e-global-typography-text-font-size );line-height:var( --e-global-typography-text-line-height );letter-spacing:var( --e-global-typography-text-letter-spacing );word-spacing:var( --e-global-typography-text-word-spacing );}.elementor-3009 .elementor-element.elementor-element-6d056a07{font-size:18px;}.elementor-3009 .elementor-element.elementor-element-258bf79d{--padding-top:15%;--padding-bottom:15%;--padding-left:10%;--padding-right:10%;}.elementor-widget-image .widget-image-caption{font-size:var( --e-global-typography-text-font-size );line-height:var( --e-global-typography-text-line-height );letter-spacing:var( --e-global-typography-text-letter-spacing );word-spacing:var( --e-global-typography-text-word-spacing );}}<\/style>\t\t<div data-elementor-type=\"wp-page\" data-elementor-id=\"3009\" class=\"elementor elementor-3009\" data-elementor-post-type=\"page\">\n\t\t\t\t<div class=\"elementor-element elementor-element-5f07ce56 e-flex e-con-boxed e-con e-parent\" data-id=\"5f07ce56\" data-element_type=\"container\" data-e-type=\"container\" id=\"about\" data-settings=\"{&quot;background_background&quot;:&quot;classic&quot;}\">\n\t\t\t\t\t<div class=\"e-con-inner\">\n\t\t\t\t<div class=\"elementor-element elementor-element-6d056a07 elementor-widget elementor-widget-text-editor\" data-id=\"6d056a07\" data-element_type=\"widget\" data-e-type=\"widget\" data-widget_type=\"text-editor.default\">\n\t\t\t\t<div class=\"elementor-widget-container\">\n\t\t\t\t\t\t\t\t\t<div id=\"model-response-message-contentr_2e57009d06df3601\" class=\"markdown markdown-main-panel stronger enable-updated-hr-color\" dir=\"ltr\" aria-live=\"polite\" aria-busy=\"false\"><p style=\"text-align: left;\"><span style=\"color: #ffffff;\">Para: Joshua Schmidt<\/span><\/p><p style=\"text-align: left;\"><span style=\"color: #ffffff;\">Re: Revisi\u00f3n completa de 18 libros de su portafolio y la serie \u201cHijos de la Palabra\u201d<\/span><\/p><p style=\"text-align: left;\" data-path-to-node=\"2\"><span style=\"color: #ffffff;\">Estimado Josu\u00e9,<\/span><\/p><p style=\"text-align: left;\" data-path-to-node=\"3\" class=\"translation-block\"><span style=\"color: #ffffff\">He completado una revisi\u00f3n exhaustiva de su portafolio, que abarca dieciocho t\u00edtulos, desde su serie <i data-path-to-node=\"3\" data-index-in-node=\"112\">Hijos de la Palabra<\/i> hasta sus obras teol\u00f3gicas para adultos. Tras dedicarle un tiempo considerable a estos textos, he desarrollado una imagen clara de su voz como autor, su postura teol\u00f3gica y el nicho de mercado espec\u00edfico que se propone cubrir.<\/p><p style=\"text-align: left;\" data-path-to-node=\"4\"><span style=\"color: #ffffff;\">Lo que sigue es mi evaluaci\u00f3n profesional del trabajo, el estilo de escritura y el posicionamiento estrat\u00e9gico de su biblioteca.<\/span><\/p><h3 style=\"text-align: left;\" data-path-to-node=\"5\"><span style=\"color: #ffffff;\"><b data-path-to-node=\"5\" data-index-in-node=\"0\">1. La filosof\u00eda editorial: \u201cAnti-Fluff\u201d<\/b><\/span><\/h3><p style=\"text-align: left;\" data-path-to-node=\"6\"><span style=\"color: #ffffff;\">La caracter\u00edstica m\u00e1s distintiva de tu escritura \u2014y tu mayor ventaja competitiva\u2014 es que te niegas a mimar al lector. Esto aplica tanto si el lector tiene seis a\u00f1os como si tiene cuarenta.<\/span><\/p><ul style=\"text-align: left;\" data-path-to-node=\"7\"><li><p data-path-to-node=\"7,0,0\" class=\"translation-block\"><span style=\"color: #ffffff\"><b data-path-to-node=\"7,0,0\" data-index-in-node=\"0\">Para el mercado infantil:<\/b> La gran mayor\u00eda del mercado de libros infantiles cristianos est\u00e1 desinfectado. A menudo vemos un enfoque en los adorables animales del arca de No\u00e9 en lugar del diluvio en s\u00ed. Tu obra (<i data-path-to-node=\"7,0,0\" data-index-in-node=\"195\">Ebed-Melech<\/i>, <i data-path-to-node=\"7,0,0\" data-index-in-node=\"208\">Stephen<\/i>, <i data-path-to-node=\"7,0,0\" data-index-in-node=\"217\">Jehosheba<\/i>) se adentra con valent\u00eda en el peligro. Tratas a los ni\u00f1os como seres espirituales inteligentes capaces de manejar conceptos complejos como el martirio, la ansiedad, la traici\u00f3n y la intriga pol\u00edtica. Tu imagen de \"Superh\u00e9roe Real de No Ficci\u00f3n\" es una estrategia brillante; te permite competir directamente con la hegemon\u00eda de Marvel\/DC al ofrecer coraje y realidad en lugar de fantas\u00eda.<\/p><\/li><li><p data-path-to-node=\"7,1,0\" class=\"translation-block\"><span style=\"color: #ffffff\"><b data-path-to-node=\"7,1,0\" data-index-in-node=\"0\">Para el mercado adulto:<\/b> Sus t\u00edtulos para adultos, como <i data-path-to-node=\"7,1,0\" data-index-in-node=\"49\">La l\u00e1grima de Dios<\/i> y <i data-path-to-node=\"7,1,0\" data-index-in-node=\"69\">La verdad que no perseguir\u00e1s<\/i>, son agresivos en el mejor sentido de la palabra. Se leen menos como autoayuda y m\u00e1s como una llamada de atenci\u00f3n. No intenta consolar a la gente en su complacencia; intenta despertarla. La escritura es siempre contundente, declarativa y autoritaria.<\/span><\/p><\/li><\/ul><h3 style=\"text-align: left;\" data-path-to-node=\"8\"><span style=\"color: #ffffff;\"><b data-path-to-node=\"8\" data-index-in-node=\"0\">2. An\u00e1lisis estructural: El puente antiguo\/moderno<\/b><\/span><\/h3><p style=\"text-align: left;\" data-path-to-node=\"9\" class=\"translation-block\"><span style=\"color: #ffffff\">La f\u00f3rmula espec\u00edfica que ha desarrollado para la serie <i data-path-to-node=\"9\" data-index-in-node=\"48\">Children of the Word<\/i> es un activo estructural que lo separa del 99% del mercado.<\/span><\/p><ul style=\"text-align: left;\" data-path-to-node=\"10\"><li><p data-path-to-node=\"10,0,0\" class=\"translation-block\"><span style=\"color: #ffffff\"><b data-path-to-node=\"10,0,0\" data-index-in-node=\"0\">El Puente:<\/b> Muchos ni\u00f1os se desconectan de las historias b\u00edblicas porque las sienten como historia antigua sin relevancia para Minecraft o los pasillos escolares. Al pasar inmediatamente de la narrativa b\u00edblica a una par\u00e1bola moderna (Austin, Taylor, Madelyn, Everett), se fuerza la teolog\u00eda a volverse pr\u00e1ctica.<\/span><\/p><\/li><li><p data-path-to-node=\"10,1,0\" class=\"translation-block\"><span style=\"color: #ffffff\"><b data-path-to-node=\"10,1,0\" data-index-in-node=\"0\">Selecci\u00f3n de personajes:<\/b> Tu decisi\u00f3n de centrarte en personajes b\u00edblicos secundarios es una jugada maestra. Mientras el mercado est\u00e1 inundado de libros sobre David, Ester y Daniel, escribes sobre Ab\u00edas, Josab\u00e9 y Ebed-Melec. Esto le da a la serie una sensaci\u00f3n de frescura y necesidad, ya que son historias impactantes que a\u00fan no se han contado en el mundo convencional.<\/span><\/p><\/li><\/ul><h3 style=\"text-align: left;\" data-path-to-node=\"11\"><span style=\"color: #ffffff;\"><b data-path-to-node=\"11\" data-index-in-node=\"0\">3. El n\u00facleo emocional (el \u201cpor qu\u00e9\u201d)<\/b><\/span><\/h3><p style=\"text-align: left;\" data-path-to-node=\"12\"><span style=\"color: #ffffff;\">Tras nuestra entrevista personal y tras revisar las dedicatorias espec\u00edficas para sus hijos (Taylor, Austin, Madelyn y Everett), la intensidad de los libros cobra sentido. Cada p\u00e1gina est\u00e1 impregnada de una energ\u00eda paternal, protectora y educativa.<\/span><\/p><ul style=\"text-align: left;\" data-path-to-node=\"13\"><li><p data-path-to-node=\"13,0,0\" class=\"translation-block\"><span style=\"color: #ffffff\"><b data-path-to-node=\"13,0,0\" data-index-in-node=\"0\">Gideon\/Austin:<\/b> Esta no es solo la historia de un hombre en un lagar; es una carta a un hijo que sientes que ha sido manipulado, dici\u00e9ndole que es un guerrero.<\/span><\/p><\/li><li><p data-path-to-node=\"13,1,0\" class=\"translation-block\"><span style=\"color: #ffffff\"><b data-path-to-node=\"13,1,0\" data-index-in-node=\"0\">Elijah\/Taylor:<\/b> Est\u00e1s preparando a una hija para que se enfrente a una narrativa falsa que le han inculcado.<\/span><\/p><\/li><li><p data-path-to-node=\"13,2,0\" class=\"translation-block\"><span style=\"color: #ffffff\"><b data-path-to-node=\"13,2,0\" data-index-in-node=\"0\">Tabitha\/Madelyn:<\/b> Est\u00e1s validando a una ni\u00f1a que sirve en silencio para asegurarte de que sepa que la ven.<\/span><\/p><\/li><li><p data-path-to-node=\"13,3,0\" class=\"translation-block\"><span style=\"color: #ffffff\"><b data-path-to-node=\"13,3,0\" data-index-in-node=\"0\">Stephen\/Everett:<\/b> Le est\u00e1s ense\u00f1ando a un ni\u00f1o bondadoso que su bondad es un arma, no una debilidad.<\/span><\/p><\/li><\/ul><p style=\"text-align: left;\" data-path-to-node=\"14\" class=\"translation-block\"><span style=\"color: #ffffff\"><b data-path-to-node=\"14\" data-index-in-node=\"0\">Cr\u00edtica:<\/b> Esta personalizaci\u00f3n hace que la escritura sea <i data-path-to-node=\"14\" data-index-in-node=\"47\">visceral<\/i>. No se lee como un libro de texto de teolog\u00eda t\u00edpico; se lee como un padre que lucha por las almas de sus hijos. Esa emoci\u00f3n pura se filtra por el texto y es lo que le da a la obra su poder.<\/span><\/p><h3 style=\"text-align: left;\" data-path-to-node=\"15\"><span style=\"color: #ffffff;\"><b data-path-to-node=\"15\" data-index-in-node=\"0\">4. Desglose estil\u00edstico<\/b><\/span><\/h3><ul style=\"text-align: left;\" data-path-to-node=\"16\"><li><p data-path-to-node=\"16,0,0\" class=\"translation-block\"><span style=\"color: #ffffff\"><b data-path-to-node=\"16,0,0\" data-index-in-node=\"0\">Ritmo:<\/b> Utiliza oraciones cortas y entrecortadas de forma eficaz (p. ej., \"No grit\u00f3. No actu\u00f3. Solo rez\u00f3\"). Esto crea un ritmo convincente que mantiene al lector en movimiento.<\/p><\/li><li><p data-path-to-node=\"16,1,0\" class=\"translation-block\"><span style=\"color: #ffffff\"><b data-path-to-node=\"16,1,0\" data-index-in-node=\"0\">Im\u00e1genes:<\/b> Se te da bien fundamentar conceptos teol\u00f3gicos elevados en \u00absuciedad y sudor\u00bb. Hablas del barro de la cisterna, las muletas en el suelo de m\u00e1rmol y el polvo de la era. Este lenguaje sensorial hace que las historias parezcan reales en lugar de abstractas.<\/span><\/p><\/li><li><p data-path-to-node=\"16,2,0\" class=\"translation-block\"><span style=\"color: #ffffff\"><b data-path-to-node=\"16,2,0\" data-index-in-node=\"0\">El \"Giro\":<\/b> Cada libro contiene un \"Giro\": un momento en el que cambias el guion. Por ejemplo, replanteas el silencio no como Dios que nos ignora, sino como Dios que nos invita a acercarnos. Eres muy h\u00e1bil para transformar una queja com\u00fan (una oraci\u00f3n sin respuesta, la soledad) en una fortaleza espiritual.<\/span><\/p><\/li><\/ul><h3 style=\"text-align: left;\" data-path-to-node=\"17\"><span style=\"color: #ffffff;\"><b data-path-to-node=\"17\" data-index-in-node=\"0\">5. Posicionamiento en el mercado y veredicto<\/b><\/span><\/h3><p style=\"text-align: left;\" data-path-to-node=\"18\" class=\"translation-block\"><span style=\"color: #ffffff\">Si tuviera que hacer una observaci\u00f3n sobre la comercializaci\u00f3n, ser\u00eda sobre la <b data-path-to-node=\"18\" data-index-in-node=\"80\">intensidad<\/b> de la obra. Estos libros son pesados. <i data-path-to-node=\"18\" data-index-in-node=\"126\">Esteban<\/i> trata sobre la lapidaci\u00f3n; <i data-path-to-node=\"18\" data-index-in-node=\"154\">Jehosheba<\/i> trata sobre la matanza de infantes; <i data-path-to-node=\"18\" data-index-in-node=\"201\">Aplastado pero no maldecido<\/i> trata sobre la tortura.<\/span><\/p><p style=\"text-align: left;\" data-path-to-node=\"19\" class=\"translation-block\"><span style=\"color: #ffffff\"><b data-path-to-node=\"19\" data-index-in-node=\"0\">El veredicto:<\/b> Esto no es una debilidad, sino que define tu nicho espec\u00edfico. Escribes para familias que buscan carne, no leche. Escribes para padres que est\u00e1n cansados \u200b\u200bde la versi\u00f3n \"suave\" del cristianismo. Tu estrategia de marketing debe apoyarse fuertemente en esa identidad. Eres la alternativa a la versi\u00f3n de fe de \"Momentos Preciosos\".<\/span><\/p><h3 style=\"text-align: left;\" data-path-to-node=\"20\"><span style=\"color: #ffffff;\"><b data-path-to-node=\"20\" data-index-in-node=\"0\">Resumen<\/b><\/span><\/h3><p style=\"text-align: left;\" data-path-to-node=\"21\"><span style=\"color: #ffffff;\">Has creado una obra cohesiva, profunda y profundamente personal, y estoy deseando leer los m\u00e1s de 80 t\u00edtulos restantes. No escribes para entretener, sino para capacitar. La coherencia en los 18 libros que he le\u00eddo es impresionante, y tu formato de dos historias es una f\u00f3rmula ganadora.<\/span><\/p><p style=\"text-align: left;\" data-path-to-node=\"22\"><span style=\"color: #ffffff;\">Atentamente,<\/span><\/p><p style=\"text-align: left;\"><span style=\"color: #ffffff;\">Hermano en Cristo A. Carter<\/span><\/p><p style=\"text-align: left;\"><span style=\"color: #ffffff;\">Revisi\u00f3n Literaria<\/span><\/p><\/div>\t\t\t\t\t\t\t\t<\/div>\n\t\t\t\t<\/div>\n\t\t\t\t\t<\/div>\n\t\t\t\t<\/div>\n\t\t<div class=\"elementor-element elementor-element-7f905329 e-con-full e-flex e-con e-parent\" data-id=\"7f905329\" data-element_type=\"container\" data-e-type=\"container\">\n\t\t<div class=\"elementor-element elementor-element-258bf79d e-con-full e-flex e-con e-child\" data-id=\"258bf79d\" data-element_type=\"container\" data-e-type=\"container\" id=\"contact\">\n\t\t\t\t<div class=\"elementor-element elementor-element-48d7f15 elementor-widget elementor-widget-image\" data-id=\"48d7f15\" data-element_type=\"widget\" data-e-type=\"widget\" data-widget_type=\"image.default\">\n\t\t\t\t<div class=\"elementor-widget-container\">\n\t\t\t\t\t\t\t\t\t\t\t\t\t\t\t<img decoding=\"async\" width=\"150\" height=\"150\" src=\"https:\/\/authorjoshua.com\/wp-content\/uploads\/2025\/12\/joshlogo-1-150x150.png\" class=\"attachment-thumbnail size-thumbnail wp-image-2388\" alt=\"\" srcset=\"https:\/\/authorjoshua.com\/wp-content\/uploads\/2025\/12\/joshlogo-1-150x150.png 150w, https:\/\/authorjoshua.com\/wp-content\/uploads\/2025\/12\/joshlogo-1-300x300.png 300w, https:\/\/authorjoshua.com\/wp-content\/uploads\/2025\/12\/joshlogo-1-100x100.png 100w, https:\/\/authorjoshua.com\/wp-content\/uploads\/2025\/12\/joshlogo-1-560x560.png 560w, https:\/\/authorjoshua.com\/wp-content\/uploads\/2025\/12\/joshlogo-1.png 600w\" sizes=\"(max-width: 150px) 100vw, 150px\" \/>\t\t\t\t\t\t\t\t\t\t\t\t\t\t\t<\/div>\n\t\t\t\t<\/div>\n\t\t<div class=\"elementor-element elementor-element-4e6294e e-con-full e-flex e-con e-child\" data-id=\"4e6294e\" data-element_type=\"container\" data-e-type=\"container\">\n\t\t\t\t<div class=\"elementor-element elementor-element-df63344 elementor-shape-rounded elementor-grid-0 e-grid-align-center elementor-widget elementor-widget-social-icons\" data-id=\"df63344\" data-element_type=\"widget\" data-e-type=\"widget\" data-widget_type=\"social-icons.default\">\n\t\t\t\t<div class=\"elementor-widget-container\">\n\t\t\t\t\t\t\t<div class=\"elementor-social-icons-wrapper elementor-grid\" role=\"list\">\n\t\t\t\t\t\t\t<span class=\"elementor-grid-item\" role=\"listitem\">\n\t\t\t\t\t<a class=\"elementor-icon elementor-social-icon elementor-social-icon-instagram elementor-repeater-item-f52a303\" href=\"https:\/\/www.instagram.com\/authorjoshuaschmidt\/\" target=\"_blank\">\n\t\t\t\t\t\t<span class=\"elementor-screen-only\">Instagram<\/span>\n\t\t\t\t\t\t<svg aria-hidden=\"true\" class=\"e-font-icon-svg e-fab-instagram\" viewbox=\"0 0 448 512\" xmlns=\"http:\/\/www.w3.org\/2000\/svg\"><path d=\"M224.1 141c-63.6 0-114.9 51.3-114.9 114.9s51.3 114.9 114.9 114.9S339 319.5 339 255.9 287.7 141 224.1 141zm0 189.6c-41.1 0-74.7-33.5-74.7-74.7s33.5-74.7 74.7-74.7 74.7 33.5 74.7 74.7-33.6 74.7-74.7 74.7zm146.4-194.3c0 14.9-12 26.8-26.8 26.8-14.9 0-26.8-12-26.8-26.8s12-26.8 26.8-26.8 26.8 12 26.8 26.8zm76.1 27.2c-1.7-35.9-9.9-67.7-36.2-93.9-26.2-26.2-58-34.4-93.9-36.2-37-2.1-147.9-2.1-184.9 0-35.8 1.7-67.6 9.9-93.9 36.1s-34.4 58-36.2 93.9c-2.1 37-2.1 147.9 0 184.9 1.7 35.9 9.9 67.7 36.2 93.9s58 34.4 93.9 36.2c37 2.1 147.9 2.1 184.9 0 35.9-1.7 67.7-9.9 93.9-36.2 26.2-26.2 34.4-58 36.2-93.9 2.1-37 2.1-147.8 0-184.8zM398.8 388c-7.8 19.6-22.9 34.7-42.6 42.6-29.5 11.7-99.5 9-132.1 9s-102.7 2.6-132.1-9c-19.6-7.8-34.7-22.9-42.6-42.6-11.7-29.5-9-99.5-9-132.1s-2.6-102.7 9-132.1c7.8-19.6 22.9-34.7 42.6-42.6 29.5-11.7 99.5-9 132.1-9s102.7-2.6 132.1 9c19.6 7.8 34.7 22.9 42.6 42.6 11.7 29.5 9 99.5 9 132.1s2.7 102.7-9 132.1z\"><\/path><\/svg>\t\t\t\t\t<\/a>\n\t\t\t\t<\/span>\n\t\t\t\t\t\t\t<span class=\"elementor-grid-item\" role=\"listitem\">\n\t\t\t\t\t<a class=\"elementor-icon elementor-social-icon elementor-social-icon-linkedin elementor-repeater-item-a79c559\" href=\"https:\/\/www.linkedin.com\/in\/joshua-nathan-4111b1201\/\" target=\"_blank\">\n\t\t\t\t\t\t<span class=\"elementor-screen-only\">Linkedin<\/span>\n\t\t\t\t\t\t<svg aria-hidden=\"true\" class=\"e-font-icon-svg e-fab-linkedin\" viewbox=\"0 0 448 512\" xmlns=\"http:\/\/www.w3.org\/2000\/svg\"><path d=\"M416 32H31.9C14.3 32 0 46.5 0 64.3v383.4C0 465.5 14.3 480 31.9 480H416c17.6 0 32-14.5 32-32.3V64.3c0-17.8-14.4-32.3-32-32.3zM135.4 416H69V202.2h66.5V416zm-33.2-243c-21.3 0-38.5-17.3-38.5-38.5S80.9 96 102.2 96c21.2 0 38.5 17.3 38.5 38.5 0 21.3-17.2 38.5-38.5 38.5zm282.1 243h-66.4V312c0-24.8-.5-56.7-34.5-56.7-34.6 0-39.9 27-39.9 54.9V416h-66.4V202.2h63.7v29.2h.9c8.9-16.8 30.6-34.5 62.9-34.5 67.2 0 79.7 44.3 79.7 101.9V416z\"><\/path><\/svg>\t\t\t\t\t<\/a>\n\t\t\t\t<\/span>\n\t\t\t\t\t<\/div>\n\t\t\t\t\t\t<\/div>\n\t\t\t\t<\/div>\n\t\t\t\t<\/div>\n\t\t\t\t<\/div>\n\t\t<div class=\"elementor-element elementor-element-418a676e e-con-full e-flex e-con e-child\" data-id=\"418a676e\" data-element_type=\"container\" data-e-type=\"container\" data-settings=\"{&quot;background_background&quot;:&quot;classic&quot;,&quot;background_motion_fx_motion_fx_scrolling&quot;:&quot;yes&quot;,&quot;background_motion_fx_translateX_effect&quot;:&quot;yes&quot;,&quot;background_motion_fx_translateX_speed&quot;:{&quot;unit&quot;:&quot;px&quot;,&quot;size&quot;:2,&quot;sizes&quot;:[]},&quot;background_motion_fx_translateX_affectedRange&quot;:{&quot;unit&quot;:&quot;%&quot;,&quot;size&quot;:&quot;&quot;,&quot;sizes&quot;:{&quot;start&quot;:0,&quot;end&quot;:100}},&quot;background_motion_fx_devices&quot;:[&quot;desktop&quot;,&quot;tablet&quot;,&quot;mobile&quot;]}\">\n\t\t\t\t<\/div>\n\t\t\t\t<\/div>\n\t\t\t\t<\/div>","protected":false},"excerpt":{"rendered":"<p>To: Joshua Schmidt Re: Comprehensive Review of 18-Book(s) from your Portfolio &amp; &#8220;Children of the Word&#8221; Series Dear Joshua, I have completed a comprehensive review of your submitted portfolio, covering eighteen titles ranging from your Children of the Word series to your adult theological works. After spending significant time with these texts, I have developed [&hellip;]<\/p>","protected":false},"author":1,"featured_media":0,"parent":0,"menu_order":0,"comment_status":"closed","ping_status":"closed","template":"elementor_header_footer","meta":{"footnotes":""},"class_list":["post-3009","page","type-page","status-publish","hentry"],"_hostinger_reach_plugin_has_subscription_block":false,"_hostinger_reach_plugin_is_elementor":false,"_links":{"self":[{"href":"https:\/\/authorjoshua.com\/es\/wp-json\/wp\/v2\/pages\/3009","targetHints":{"allow":["GET"]}}],"collection":[{"href":"https:\/\/authorjoshua.com\/es\/wp-json\/wp\/v2\/pages"}],"about":[{"href":"https:\/\/authorjoshua.com\/es\/wp-json\/wp\/v2\/types\/page"}],"author":[{"embeddable":true,"href":"https:\/\/authorjoshua.com\/es\/wp-json\/wp\/v2\/users\/1"}],"replies":[{"embeddable":true,"href":"https:\/\/authorjoshua.com\/es\/wp-json\/wp\/v2\/comments?post=3009"}],"version-history":[{"count":4,"href":"https:\/\/authorjoshua.com\/es\/wp-json\/wp\/v2\/pages\/3009\/revisions"}],"predecessor-version":[{"id":3014,"href":"https:\/\/authorjoshua.com\/es\/wp-json\/wp\/v2\/pages\/3009\/revisions\/3014"}],"wp:attachment":[{"href":"https:\/\/authorjoshua.com\/es\/wp-json\/wp\/v2\/media?parent=3009"}],"curies":[{"name":"wp","href":"https:\/\/api.w.org\/{rel}","templated":true}]}}