{"id":917,"date":"2025-10-05T17:43:30","date_gmt":"2025-10-05T17:43:30","guid":{"rendered":"https:\/\/authorjoshua.com\/?page_id=917"},"modified":"2025-12-20T15:43:40","modified_gmt":"2025-12-20T15:43:40","slug":"home-2","status":"publish","type":"page","link":"https:\/\/authorjoshua.com\/es\/home-2\/","title":{"rendered":"about"},"content":{"rendered":"<style>.elementor-917 .elementor-element.elementor-element-5f07ce56{--display:flex;--min-height:600px;--flex-direction:column;--container-widget-width:calc( ( 1 - var( --container-widget-flex-grow ) ) * 100% );--container-widget-height:initial;--container-widget-flex-grow:0;--container-widget-align-self:initial;--flex-wrap-mobile:wrap;--justify-content:center;--align-items:center;--gap:30px 30px;--row-gap:30px;--column-gap:30px;--padding-top:4%;--padding-bottom:4%;--padding-left:4%;--padding-right:4%;}.elementor-917 .elementor-element.elementor-element-5f07ce56:not(.elementor-motion-effects-element-type-background), .elementor-917 .elementor-element.elementor-element-5f07ce56 > .elementor-motion-effects-container > .elementor-motion-effects-layer{background-color:var( --e-global-color-secondary );}.elementor-widget-heading .elementor-heading-title{font-family:var( --e-global-typography-primary-font-family ), Sans-serif;font-size:var( --e-global-typography-primary-font-size );font-weight:var( --e-global-typography-primary-font-weight );text-transform:var( --e-global-typography-primary-text-transform );font-style:var( --e-global-typography-primary-font-style );text-decoration:var( --e-global-typography-primary-text-decoration );line-height:var( --e-global-typography-primary-line-height );letter-spacing:var( --e-global-typography-primary-letter-spacing );word-spacing:var( --e-global-typography-primary-word-spacing );color:var( --e-global-color-primary );}.elementor-917 .elementor-element.elementor-element-33095f69{text-align:center;}.elementor-widget-text-editor{font-family:var( --e-global-typography-text-font-family ), Sans-serif;font-size:var( --e-global-typography-text-font-size );font-weight:var( --e-global-typography-text-font-weight );text-transform:var( --e-global-typography-text-text-transform );font-style:var( --e-global-typography-text-font-style );text-decoration:var( --e-global-typography-text-text-decoration );line-height:var( --e-global-typography-text-line-height );letter-spacing:var( --e-global-typography-text-letter-spacing );word-spacing:var( --e-global-typography-text-word-spacing );color:var( --e-global-color-text );}.elementor-widget-text-editor.elementor-drop-cap-view-stacked .elementor-drop-cap{background-color:var( --e-global-color-primary );}.elementor-widget-text-editor.elementor-drop-cap-view-framed .elementor-drop-cap, .elementor-widget-text-editor.elementor-drop-cap-view-default .elementor-drop-cap{color:var( --e-global-color-primary );border-color:var( --e-global-color-primary );}.elementor-917 .elementor-element.elementor-element-6d056a07{text-align:center;font-family:\"Darker Grotesque\", Sans-serif;font-size:22px;font-weight:300;text-transform:none;font-style:normal;text-decoration:none;line-height:23px;letter-spacing:0px;word-spacing:0px;color:var( --e-global-color-primary );}.elementor-917 .elementor-element.elementor-element-6d056a07 > .elementor-widget-container{margin:0px 0px 0px 0px;padding:0px 0px 0px 0px;}.elementor-917 .elementor-element.elementor-element-7f905329{--display:flex;--flex-direction:row;--container-widget-width:initial;--container-widget-height:100%;--container-widget-flex-grow:1;--container-widget-align-self:stretch;--flex-wrap-mobile:wrap;--gap:0px 0px;--row-gap:0px;--column-gap:0px;}.elementor-917 .elementor-element.elementor-element-258bf79d{--display:flex;--flex-direction:column;--container-widget-width:100%;--container-widget-height:initial;--container-widget-flex-grow:0;--container-widget-align-self:initial;--flex-wrap-mobile:wrap;--justify-content:center;--gap:30px 30px;--row-gap:30px;--column-gap:30px;--padding-top:0%;--padding-bottom:0%;--padding-left:5%;--padding-right:5%;}.elementor-917 .elementor-element.elementor-element-258bf79d.e-con{--flex-grow:0;--flex-shrink:0;}.elementor-widget-image .widget-image-caption{color:var( --e-global-color-text );font-family:var( --e-global-typography-text-font-family ), Sans-serif;font-size:var( --e-global-typography-text-font-size );font-weight:var( --e-global-typography-text-font-weight );text-transform:var( --e-global-typography-text-text-transform );font-style:var( --e-global-typography-text-font-style );text-decoration:var( --e-global-typography-text-text-decoration );line-height:var( --e-global-typography-text-line-height );letter-spacing:var( --e-global-typography-text-letter-spacing );word-spacing:var( --e-global-typography-text-word-spacing );}.elementor-917 .elementor-element.elementor-element-4e6294e{--display:flex;}.elementor-917 .elementor-element.elementor-element-df63344{--grid-template-columns:repeat(0, auto);--grid-column-gap:5px;--grid-row-gap:0px;}.elementor-917 .elementor-element.elementor-element-df63344 .elementor-widget-container{text-align:center;}.elementor-917 .elementor-element.elementor-element-418a676e{--display:flex;--min-height:637px;--flex-direction:column;--container-widget-width:100%;--container-widget-height:initial;--container-widget-flex-grow:0;--container-widget-align-self:initial;--flex-wrap-mobile:wrap;}.elementor-917 .elementor-element.elementor-element-418a676e:not(.elementor-motion-effects-element-type-background), .elementor-917 .elementor-element.elementor-element-418a676e > .elementor-motion-effects-container > .elementor-motion-effects-layer{background-image:url(\"https:\/\/authorjoshua.com\/wp-content\/uploads\/2025\/10\/00004283-PHOTO-2024-05-25-20-44-09.jpg\");background-position:center center;background-repeat:no-repeat;background-size:cover;}.elementor-917 .elementor-element.elementor-element-418a676e.e-con{--flex-grow:0;--flex-shrink:0;}@media(min-width:768px){.elementor-917 .elementor-element.elementor-element-5f07ce56{--content-width:866px;}.elementor-917 .elementor-element.elementor-element-258bf79d{--width:20%;}.elementor-917 .elementor-element.elementor-element-418a676e{--width:80%;}}@media(max-width:1024px) and (min-width:768px){.elementor-917 .elementor-element.elementor-element-258bf79d{--width:100%;}.elementor-917 .elementor-element.elementor-element-418a676e{--width:100%;}}@media(max-width:1024px){.elementor-917 .elementor-element.elementor-element-5f07ce56{--padding-top:4%;--padding-bottom:4%;--padding-left:12%;--padding-right:12%;}.elementor-widget-heading .elementor-heading-title{font-size:var( --e-global-typography-primary-font-size );line-height:var( --e-global-typography-primary-line-height );letter-spacing:var( --e-global-typography-primary-letter-spacing );word-spacing:var( --e-global-typography-primary-word-spacing );}.elementor-widget-text-editor{font-size:var( --e-global-typography-text-font-size );line-height:var( --e-global-typography-text-line-height );letter-spacing:var( --e-global-typography-text-letter-spacing );word-spacing:var( --e-global-typography-text-word-spacing );}.elementor-917 .elementor-element.elementor-element-6d056a07{font-size:19px;}.elementor-917 .elementor-element.elementor-element-7f905329{--flex-direction:column-reverse;--container-widget-width:100%;--container-widget-height:initial;--container-widget-flex-grow:0;--container-widget-align-self:initial;--flex-wrap-mobile:wrap;--flex-wrap:wrap;}.elementor-917 .elementor-element.elementor-element-258bf79d{--justify-content:center;--align-items:center;--container-widget-width:calc( ( 1 - var( --container-widget-flex-grow ) ) * 100% );--padding-top:7%;--padding-bottom:10%;--padding-left:7%;--padding-right:7%;}.elementor-widget-image .widget-image-caption{font-size:var( --e-global-typography-text-font-size );line-height:var( --e-global-typography-text-line-height );letter-spacing:var( --e-global-typography-text-letter-spacing );word-spacing:var( --e-global-typography-text-word-spacing );}.elementor-917 .elementor-element.elementor-element-418a676e{--min-height:560px;}}@media(max-width:767px){.elementor-917 .elementor-element.elementor-element-5f07ce56{--min-height:700px;--padding-top:6%;--padding-bottom:6%;--padding-left:8%;--padding-right:8%;}.elementor-widget-heading .elementor-heading-title{font-size:var( --e-global-typography-primary-font-size );line-height:var( --e-global-typography-primary-line-height );letter-spacing:var( --e-global-typography-primary-letter-spacing );word-spacing:var( --e-global-typography-primary-word-spacing );}.elementor-widget-text-editor{font-size:var( --e-global-typography-text-font-size );line-height:var( --e-global-typography-text-line-height );letter-spacing:var( --e-global-typography-text-letter-spacing );word-spacing:var( --e-global-typography-text-word-spacing );}.elementor-917 .elementor-element.elementor-element-6d056a07{font-size:18px;}.elementor-917 .elementor-element.elementor-element-258bf79d{--padding-top:15%;--padding-bottom:15%;--padding-left:10%;--padding-right:10%;}.elementor-widget-image .widget-image-caption{font-size:var( --e-global-typography-text-font-size );line-height:var( --e-global-typography-text-line-height );letter-spacing:var( --e-global-typography-text-letter-spacing );word-spacing:var( --e-global-typography-text-word-spacing );}}<\/style>\t\t<div data-elementor-type=\"wp-page\" data-elementor-id=\"917\" class=\"elementor elementor-917\" data-elementor-post-type=\"page\">\n\t\t\t\t<div class=\"elementor-element elementor-element-5f07ce56 e-flex e-con-boxed e-con e-parent\" data-id=\"5f07ce56\" data-element_type=\"container\" data-e-type=\"container\" id=\"about\" data-settings=\"{&quot;background_background&quot;:&quot;classic&quot;}\">\n\t\t\t\t\t<div class=\"e-con-inner\">\n\t\t\t\t<div class=\"elementor-element elementor-element-33095f69 elementor-widget elementor-widget-heading\" data-id=\"33095f69\" data-element_type=\"widget\" data-e-type=\"widget\" data-widget_type=\"heading.default\">\n\t\t\t\t<div class=\"elementor-widget-container\">\n\t\t\t\t\t<h2 class=\"elementor-heading-title elementor-size-default\">sobre Joshua<\/h2>\t\t\t\t<\/div>\n\t\t\t\t<\/div>\n\t\t\t\t<div class=\"elementor-element elementor-element-6d056a07 elementor-widget elementor-widget-text-editor\" data-id=\"6d056a07\" data-element_type=\"widget\" data-e-type=\"widget\" data-widget_type=\"text-editor.default\">\n\t\t\t\t<div class=\"elementor-widget-container\">\n\t\t\t\t\t\t\t\t\t<div id=\"about\" class=\"elementor-element elementor-element-5f07ce56 e-flex e-con-boxed e-con e-parent e-lazyloaded\" data-id=\"5f07ce56\" data-element_type=\"container\" data-settings=\"{&quot;background_background&quot;:&quot;classic&quot;}\"><div class=\"e-con-inner\"><div class=\"elementor-element elementor-element-17566b0 elementor-widget__width-inherit elementor-widget elementor-widget-text-editor\" data-id=\"17566b0\" data-element_type=\"widget\" data-widget_type=\"text-editor.default\"><p style=\"text-align: center;\"><span style=\"color: #ffffff;\">Joshua Schmidt es un apasionado autor, compositor, programador, maestro, coach y devoto seguidor de Jesucristo. Su misi\u00f3n en la vida es llevar el amor de Dios a lugares que a menudo se pasan por alto, tanto en el mundo como en el coraz\u00f3n humano. Su escritura invita a los lectores a caminar con valent\u00eda hacia su quebrantamiento y descubrir al Dios que no solo ve su dolor, sino que los acompa\u00f1a en \u00e9l. Isa\u00edas 43:2. Para Joshua, la fe no es una actuaci\u00f3n ni una lista de verificaci\u00f3n, sino un viaje puro y honesto de transformaci\u00f3n a trav\u00e9s de la gracia.<\/span><\/p><p style=\"text-align: center;\"><span style=\"color: #ffffff;\">Sus libros, incluyendo \"Las L\u00e1grimas de Dios\" y \"Mejor que tener raz\u00f3n\", se basan profundamente en la experiencia vivida y la revelaci\u00f3n espiritual. \"Las L\u00e1grimas de Dios\", aunque breve, transmite un profundo mensaje sobre el sufrimiento compartido de Dios con la humanidad. En \"Mejor que tener raz\u00f3n: Siempre tuve raz\u00f3n hasta que descubr\u00ed c\u00f3mo relacionarme\", Joshua reflexiona sobre una de las ense\u00f1anzas m\u00e1s poderosas que escuch\u00f3, un mensaje de Jack Frost que transform\u00f3 radicalmente su comprensi\u00f3n del amor, la humildad y la conexi\u00f3n humana.<\/span><\/p><p style=\"text-align: center;\"><span style=\"color: #ffffff;\">La fe de Joshua no solo se forja con libros o sermones, sino con momentos que le traspasaron el alma y cambiaron su rumbo. Recuerda solo tres sermones de los miles que ha escuchado, cada uno grabado en su memoria por su poder, vulnerabilidad y verdad. Desde un predicador elegantemente vestido en Titusville, Florida, que literalmente se quit\u00f3 la ropa, dejando al descubierto agujeros y destroz\u00f3 ropa manchada y tatuajes para revelar humildad y autenticidad, hasta un pastor en Luisiana que gui\u00f3 silenciosamente a musulmanes a Cristo mediante la amistad genuina y el respeto cultural, Joshua ha aprendido que la transformaci\u00f3n no se logra por la fuerza, sino mediante la relaci\u00f3n, la honestidad y el amor.<\/span><\/p><p style=\"text-align: center;\"><span style=\"color: #ffffff;\">Durante los \u00faltimos trece a\u00f1os, Joshua ha vivido en Guatemala con M\u00f3nica, el amor de su vida y su mejor maestra, y sus hijos. All\u00ed, vive su ministerio no desde p\u00falpitos, sino en canchas de f\u00fatbol de tierra y en el coraz\u00f3n de los j\u00f3venes. En un pa\u00eds donde muchos j\u00f3venes enfrentan un futuro de subempleo y paternidad precoz, Joshua los alcanza a trav\u00e9s de lo que m\u00e1s aman: el f\u00fatbol. Su labor incluye la formaci\u00f3n de equipos juveniles, la distribuci\u00f3n de uniformes, comida y el desarrollo de relaciones duraderas basadas en el amor, el respeto propio y la fe en Cristo. El simple regalo de una camiseta nueva, s\u00edmbolo de dignidad y pertenencia, a menudo abre la puerta a conversaciones m\u00e1s profundas sobre la identidad, el prop\u00f3sito y la salvaci\u00f3n.<\/span><\/p><p style=\"text-align: center;\"><span style=\"color: #ffffff;\">Joshua no est\u00e1 afiliado a ninguna denominaci\u00f3n ni iglesia en Estados Unidos. En cambio, prefiere hablar en l\u00ednea con grupos de j\u00f3venes, discipular a j\u00f3venes l\u00edderes y recorrer los dif\u00edciles caminos del ministerio sin ser el centro de atenci\u00f3n. Frecuentemente organiza conversaciones con misioneros visitantes en Guatemala, inst\u00e1ndolos a ir m\u00e1s all\u00e1 de las sesiones fotogr\u00e1ficas y a centrarse en una evangelizaci\u00f3n sostenible. En una regi\u00f3n propensa a terremotos y pobreza, desaf\u00eda a los equipos misioneros a centrarse menos en la construcci\u00f3n de fr\u00e1giles estructuras de madera y m\u00e1s en soluciones duraderas.<\/span><\/p><\/div><\/div><\/div>\t\t\t\t\t\t\t\t<\/div>\n\t\t\t\t<\/div>\n\t\t\t\t\t<\/div>\n\t\t\t\t<\/div>\n\t\t<div class=\"elementor-element elementor-element-7f905329 e-con-full e-flex e-con e-parent\" data-id=\"7f905329\" data-element_type=\"container\" data-e-type=\"container\">\n\t\t<div class=\"elementor-element elementor-element-258bf79d e-con-full e-flex e-con e-child\" data-id=\"258bf79d\" data-element_type=\"container\" data-e-type=\"container\" id=\"contact\">\n\t\t\t\t<div class=\"elementor-element elementor-element-48d7f15 elementor-widget elementor-widget-image\" data-id=\"48d7f15\" data-element_type=\"widget\" data-e-type=\"widget\" data-widget_type=\"image.default\">\n\t\t\t\t<div class=\"elementor-widget-container\">\n\t\t\t\t\t\t\t\t\t\t\t\t\t\t\t<img decoding=\"async\" width=\"150\" height=\"150\" src=\"https:\/\/authorjoshua.com\/wp-content\/uploads\/2025\/12\/joshlogo-1-150x150.png\" class=\"attachment-thumbnail size-thumbnail wp-image-2388\" alt=\"\" srcset=\"https:\/\/authorjoshua.com\/wp-content\/uploads\/2025\/12\/joshlogo-1-150x150.png 150w, https:\/\/authorjoshua.com\/wp-content\/uploads\/2025\/12\/joshlogo-1-300x300.png 300w, https:\/\/authorjoshua.com\/wp-content\/uploads\/2025\/12\/joshlogo-1-100x100.png 100w, https:\/\/authorjoshua.com\/wp-content\/uploads\/2025\/12\/joshlogo-1-560x560.png 560w, https:\/\/authorjoshua.com\/wp-content\/uploads\/2025\/12\/joshlogo-1.png 600w\" sizes=\"(max-width: 150px) 100vw, 150px\" \/>\t\t\t\t\t\t\t\t\t\t\t\t\t\t\t<\/div>\n\t\t\t\t<\/div>\n\t\t<div class=\"elementor-element elementor-element-4e6294e e-con-full e-flex e-con e-child\" data-id=\"4e6294e\" data-element_type=\"container\" data-e-type=\"container\">\n\t\t\t\t<div class=\"elementor-element elementor-element-df63344 elementor-shape-rounded elementor-grid-0 e-grid-align-center elementor-widget elementor-widget-social-icons\" data-id=\"df63344\" data-element_type=\"widget\" data-e-type=\"widget\" data-widget_type=\"social-icons.default\">\n\t\t\t\t<div class=\"elementor-widget-container\">\n\t\t\t\t\t\t\t<div class=\"elementor-social-icons-wrapper elementor-grid\" role=\"list\">\n\t\t\t\t\t\t\t<span class=\"elementor-grid-item\" role=\"listitem\">\n\t\t\t\t\t<a class=\"elementor-icon elementor-social-icon elementor-social-icon-instagram elementor-repeater-item-f52a303\" href=\"https:\/\/www.instagram.com\/authorjoshuaschmidt\/\" target=\"_blank\">\n\t\t\t\t\t\t<span class=\"elementor-screen-only\">Instagram<\/span>\n\t\t\t\t\t\t<svg aria-hidden=\"true\" class=\"e-font-icon-svg e-fab-instagram\" viewbox=\"0 0 448 512\" xmlns=\"http:\/\/www.w3.org\/2000\/svg\"><path d=\"M224.1 141c-63.6 0-114.9 51.3-114.9 114.9s51.3 114.9 114.9 114.9S339 319.5 339 255.9 287.7 141 224.1 141zm0 189.6c-41.1 0-74.7-33.5-74.7-74.7s33.5-74.7 74.7-74.7 74.7 33.5 74.7 74.7-33.6 74.7-74.7 74.7zm146.4-194.3c0 14.9-12 26.8-26.8 26.8-14.9 0-26.8-12-26.8-26.8s12-26.8 26.8-26.8 26.8 12 26.8 26.8zm76.1 27.2c-1.7-35.9-9.9-67.7-36.2-93.9-26.2-26.2-58-34.4-93.9-36.2-37-2.1-147.9-2.1-184.9 0-35.8 1.7-67.6 9.9-93.9 36.1s-34.4 58-36.2 93.9c-2.1 37-2.1 147.9 0 184.9 1.7 35.9 9.9 67.7 36.2 93.9s58 34.4 93.9 36.2c37 2.1 147.9 2.1 184.9 0 35.9-1.7 67.7-9.9 93.9-36.2 26.2-26.2 34.4-58 36.2-93.9 2.1-37 2.1-147.8 0-184.8zM398.8 388c-7.8 19.6-22.9 34.7-42.6 42.6-29.5 11.7-99.5 9-132.1 9s-102.7 2.6-132.1-9c-19.6-7.8-34.7-22.9-42.6-42.6-11.7-29.5-9-99.5-9-132.1s-2.6-102.7 9-132.1c7.8-19.6 22.9-34.7 42.6-42.6 29.5-11.7 99.5-9 132.1-9s102.7-2.6 132.1 9c19.6 7.8 34.7 22.9 42.6 42.6 11.7 29.5 9 99.5 9 132.1s2.7 102.7-9 132.1z\"><\/path><\/svg>\t\t\t\t\t<\/a>\n\t\t\t\t<\/span>\n\t\t\t\t\t\t\t<span class=\"elementor-grid-item\" role=\"listitem\">\n\t\t\t\t\t<a class=\"elementor-icon elementor-social-icon elementor-social-icon-linkedin elementor-repeater-item-a79c559\" href=\"https:\/\/www.linkedin.com\/in\/joshua-nathan-4111b1201\/\" target=\"_blank\">\n\t\t\t\t\t\t<span class=\"elementor-screen-only\">Linkedin<\/span>\n\t\t\t\t\t\t<svg aria-hidden=\"true\" class=\"e-font-icon-svg e-fab-linkedin\" viewbox=\"0 0 448 512\" xmlns=\"http:\/\/www.w3.org\/2000\/svg\"><path d=\"M416 32H31.9C14.3 32 0 46.5 0 64.3v383.4C0 465.5 14.3 480 31.9 480H416c17.6 0 32-14.5 32-32.3V64.3c0-17.8-14.4-32.3-32-32.3zM135.4 416H69V202.2h66.5V416zm-33.2-243c-21.3 0-38.5-17.3-38.5-38.5S80.9 96 102.2 96c21.2 0 38.5 17.3 38.5 38.5 0 21.3-17.2 38.5-38.5 38.5zm282.1 243h-66.4V312c0-24.8-.5-56.7-34.5-56.7-34.6 0-39.9 27-39.9 54.9V416h-66.4V202.2h63.7v29.2h.9c8.9-16.8 30.6-34.5 62.9-34.5 67.2 0 79.7 44.3 79.7 101.9V416z\"><\/path><\/svg>\t\t\t\t\t<\/a>\n\t\t\t\t<\/span>\n\t\t\t\t\t<\/div>\n\t\t\t\t\t\t<\/div>\n\t\t\t\t<\/div>\n\t\t\t\t<\/div>\n\t\t\t\t<\/div>\n\t\t<div class=\"elementor-element elementor-element-418a676e e-con-full e-flex e-con e-child\" data-id=\"418a676e\" data-element_type=\"container\" data-e-type=\"container\" data-settings=\"{&quot;background_background&quot;:&quot;classic&quot;,&quot;background_motion_fx_motion_fx_scrolling&quot;:&quot;yes&quot;,&quot;background_motion_fx_translateX_effect&quot;:&quot;yes&quot;,&quot;background_motion_fx_translateX_speed&quot;:{&quot;unit&quot;:&quot;px&quot;,&quot;size&quot;:2,&quot;sizes&quot;:[]},&quot;background_motion_fx_translateX_affectedRange&quot;:{&quot;unit&quot;:&quot;%&quot;,&quot;size&quot;:&quot;&quot;,&quot;sizes&quot;:{&quot;start&quot;:0,&quot;end&quot;:100}},&quot;background_motion_fx_devices&quot;:[&quot;desktop&quot;,&quot;tablet&quot;,&quot;mobile&quot;]}\">\n\t\t\t\t<\/div>\n\t\t\t\t<\/div>\n\t\t\t\t<\/div>","protected":false},"excerpt":{"rendered":"<p>about joshua Joshua Schmidt is a passionate author, song writer, programmer, teacher, coach and devoted follower of Jesus Christ whose life mission is to bring God\u2019s love to places often overlooked, both in the world and within the human heart. His writing invites readers to walk boldly into their brokenness and discover the God who [&hellip;]<\/p>","protected":false},"author":1,"featured_media":0,"parent":0,"menu_order":0,"comment_status":"closed","ping_status":"closed","template":"elementor_header_footer","meta":{"footnotes":""},"class_list":["post-917","page","type-page","status-publish","hentry"],"_hostinger_reach_plugin_has_subscription_block":false,"_hostinger_reach_plugin_is_elementor":false,"_links":{"self":[{"href":"https:\/\/authorjoshua.com\/es\/wp-json\/wp\/v2\/pages\/917","targetHints":{"allow":["GET"]}}],"collection":[{"href":"https:\/\/authorjoshua.com\/es\/wp-json\/wp\/v2\/pages"}],"about":[{"href":"https:\/\/authorjoshua.com\/es\/wp-json\/wp\/v2\/types\/page"}],"author":[{"embeddable":true,"href":"https:\/\/authorjoshua.com\/es\/wp-json\/wp\/v2\/users\/1"}],"replies":[{"embeddable":true,"href":"https:\/\/authorjoshua.com\/es\/wp-json\/wp\/v2\/comments?post=917"}],"version-history":[{"count":116,"href":"https:\/\/authorjoshua.com\/es\/wp-json\/wp\/v2\/pages\/917\/revisions"}],"predecessor-version":[{"id":2850,"href":"https:\/\/authorjoshua.com\/es\/wp-json\/wp\/v2\/pages\/917\/revisions\/2850"}],"wp:attachment":[{"href":"https:\/\/authorjoshua.com\/es\/wp-json\/wp\/v2\/media?parent=917"}],"curies":[{"name":"wp","href":"https:\/\/api.w.org\/{rel}","templated":true}]}}